{"id":21,"date":"2022-02-02T11:03:46","date_gmt":"2022-02-02T11:03:46","guid":{"rendered":"https:\/\/homerology.com\/?page_id=21"},"modified":"2022-03-31T14:16:22","modified_gmt":"2022-03-31T14:16:22","slug":"about-us","status":"publish","type":"page","link":"https:\/\/homerology.com\/br\/about-us\/","title":{"rendered":"Sobre N\u00f3s"},"content":{"rendered":"<p><span class=\"goog-text-highlight\">Nosso site \u00e9 um site de informa\u00e7\u00f5es especializado em\u00a0<\/span><span lang=\"en\"><span class=\"goog-text-highlight\">id\u00e9ias de decora\u00e7\u00e3o e cozinha para inovar sua casa com estilo.<\/span><\/span><\/p>\n<p>Foi concebido para inspirar pessoas interessadas em como fazer e ideias pr\u00e1ticas sobre alguns dos mais inovadores projetos e ideias de melhoria de casas, quartos, cozinhas e jardins, as \u00faltimas tend\u00eancias de decora\u00e7\u00e3o, m\u00f3veis, acess\u00f3rios, bem como dicas e guias.<\/p>\n<p>O blog traz dicas cl\u00e1ssicas e informa\u00e7\u00f5es \u00fateis sobre as \u00faltimas tend\u00eancias em<br \/>\n<em><strong>Decora\u00e7\u00e3o de interiores, design de interiores, reforma de quartos e cozinhas<\/strong><\/em><\/p>\n","protected":false},"excerpt":{"rendered":"<p>Nosso site \u00e9 um site de informa\u00e7\u00f5es especializado em\u00a0id\u00e9ias de decora\u00e7\u00e3o e cozinha para inovar sua casa com estilo. Foi concebido para inspirar pessoas interessadas em como fazer e ideias&hellip;<\/p>\n","protected":false},"author":1,"featured_media":0,"parent":0,"menu_order":0,"comment_status":"closed","ping_status":"closed","template":"","meta":{"footnotes":""},"class_list":["post-21","page","type-page","status-publish"],"_links":{"self":[{"href":"https:\/\/homerology.com\/br\/wp-json\/wp\/v2\/pages\/21","targetHints":{"allow":["GET"]}}],"collection":[{"href":"https:\/\/homerology.com\/br\/wp-json\/wp\/v2\/pages"}],"about":[{"href":"https:\/\/homerology.com\/br\/wp-json\/wp\/v2\/types\/page"}],"author":[{"embeddable":true,"href":"https:\/\/homerology.com\/br\/wp-json\/wp\/v2\/users\/1"}],"replies":[{"embeddable":true,"href":"https:\/\/homerology.com\/br\/wp-json\/wp\/v2\/comments?post=21"}],"version-history":[{"count":6,"href":"https:\/\/homerology.com\/br\/wp-json\/wp\/v2\/pages\/21\/revisions"}],"predecessor-version":[{"id":498,"href":"https:\/\/homerology.com\/br\/wp-json\/wp\/v2\/pages\/21\/revisions\/498"}],"wp:attachment":[{"href":"https:\/\/homerology.com\/br\/wp-json\/wp\/v2\/media?parent=21"}],"curies":[{"name":"wp","href":"https:\/\/api.w.org\/{rel}","templated":true}]}}