{"id":21,"date":"2022-02-02T11:03:46","date_gmt":"2022-02-02T11:03:46","guid":{"rendered":"https:\/\/homerology.com\/de\/uber-uns"},"modified":"2022-03-31T15:43:27","modified_gmt":"2022-03-31T15:43:27","slug":"uber-uns","status":"publish","type":"page","link":"https:\/\/homerology.com\/de\/uber-uns\/","title":{"rendered":"\u00dcber uns"},"content":{"rendered":"<p><span class=\"\">Unsere Website ist eine Informationswebsite, die auf\u00a0<\/span><span lang=\"en\"><span class=\"\">Wohndekorations- und K\u00fcchenideen spezialisiert ist, um Ihr Zuhause stilvoll zu erneuern.<\/span><\/span><\/p>\n<p>Es wurde konzipiert, um Menschen zu inspirieren, die an praktischen Anleitungen und Ideen zu einigen der innovativsten Ideen und Designs zur Verbesserung von Haus, Schlafzimmer, K\u00fcche und Garten, den neuesten Einrichtungstrends, M\u00f6beln, Accessoires sowie Tipps und Anleitungen interessiert sind.<\/p>\n<p>Der Blog enth\u00e4lt klassische Tipps und n\u00fctzliche Informationen \u00fcber die neuesten Trends in den<br \/>\n<em><strong>Bereichen Heimdekoration, Innenarchitektur, Schlafzimmer- und K\u00fcchenumbau<\/strong><\/em><\/p>\n","protected":false},"excerpt":{"rendered":"<p>Unsere Website ist eine Informationswebsite, die auf\u00a0Wohndekorations- und K\u00fcchenideen spezialisiert ist, um Ihr Zuhause stilvoll zu erneuern. Es wurde konzipiert, um Menschen zu inspirieren, die an praktischen Anleitungen und Ideen&hellip;<\/p>\n","protected":false},"author":1,"featured_media":0,"parent":0,"menu_order":0,"comment_status":"closed","ping_status":"closed","template":"","meta":{"footnotes":""},"class_list":["post-21","page","type-page","status-publish"],"_links":{"self":[{"href":"https:\/\/homerology.com\/de\/wp-json\/wp\/v2\/pages\/21","targetHints":{"allow":["GET"]}}],"collection":[{"href":"https:\/\/homerology.com\/de\/wp-json\/wp\/v2\/pages"}],"about":[{"href":"https:\/\/homerology.com\/de\/wp-json\/wp\/v2\/types\/page"}],"author":[{"embeddable":true,"href":"https:\/\/homerology.com\/de\/wp-json\/wp\/v2\/users\/1"}],"replies":[{"embeddable":true,"href":"https:\/\/homerology.com\/de\/wp-json\/wp\/v2\/comments?post=21"}],"version-history":[{"count":1,"href":"https:\/\/homerology.com\/de\/wp-json\/wp\/v2\/pages\/21\/revisions"}],"predecessor-version":[{"id":369,"href":"https:\/\/homerology.com\/de\/wp-json\/wp\/v2\/pages\/21\/revisions\/369"}],"wp:attachment":[{"href":"https:\/\/homerology.com\/de\/wp-json\/wp\/v2\/media?parent=21"}],"curies":[{"name":"wp","href":"https:\/\/api.w.org\/{rel}","templated":true}]}}