{"id":24,"date":"2022-02-02T11:06:45","date_gmt":"2022-02-02T11:06:45","guid":{"rendered":"https:\/\/homerology.com\/de\/nutzungsbedingungen"},"modified":"2022-03-24T22:28:59","modified_gmt":"2022-03-24T22:28:59","slug":"nutzungsbedingungen","status":"publish","type":"page","link":"https:\/\/homerology.com\/de\/nutzungsbedingungen\/","title":{"rendered":"Nutzungsbedingungen"},"content":{"rendered":"<h3 id=\"gultig-ab-22-februar-2022\"><span>G\u00fcltig ab: 22. FEBRUAR 2022<\/span><\/h3>\n<p><strong><span>Rechte an geistigem Eigentum<\/span><\/strong><\/p>\n<p><span>Sofern nicht anders angegeben, sind alle schriftlichen Inhalte auf dieser Website Eigentum von Yeeti Tech und\/oder unseren verbundenen Unternehmen oder Lizenzgebern und durch Urheberrechte, Marken und andere Gesetze zum Schutz geistigen Eigentums gesch\u00fctzt.\u00a0Die Website wird ausschlie\u00dflich f\u00fcr Ihren pers\u00f6nlichen, nicht kommerziellen Gebrauch bereitgestellt.\u00a0Sie d\u00fcrfen die Website oder die auf der Website verf\u00fcgbaren Materialien nicht in einer Weise verwenden, die eine Verletzung unserer Rechte darstellt oder die nicht von uns genehmigt wurde.\u00a0Insbesondere d\u00fcrfen Sie kein Material von der Website \u00e4ndern, kopieren, reproduzieren, neu ver\u00f6ffentlichen, hochladen, posten, \u00fcbersetzen, verkaufen, abgeleitete Werke erstellen, verwerten oder auf irgendeine Weise oder \u00fcber ein Medium (einschlie\u00dflich per E-Mail oder andere elektronische Mittel) verteilen vorherige Erlaubnis.\u00a0Sie d\u00fcrfen jedoch eine Kopie einzelner Seiten der Website f\u00fcr nicht-kommerzielle Zwecke herunterladen, drucken und\/oder teilen,<\/span><\/p>\n<p><strong><span>Ihre Lizenz f\u00fcr uns<\/span><\/strong><\/p>\n<p><span>Durch das Posten oder Senden von Material (einschlie\u00dflich, aber nicht beschr\u00e4nkt auf Kommentare, Blogeintr\u00e4ge, Facebook-Postings, Fotos und Videos) an uns \u00fcber die Website, Internetgruppen, soziale Medien oder an einen unserer Mitarbeiter per E-Mail, Text oder auf andere Weise, Sie versichern: (i) dass Sie der Eigent\u00fcmer des Materials sind oder Ihre Ver\u00f6ffentlichung oder \u00dcbermittlung mit ausdr\u00fccklicher Zustimmung des Eigent\u00fcmers des Materials vornehmen;\u00a0und (ii) dass Sie dreizehn Jahre oder \u00e4lter sind.\u00a0Wenn Sie Material einreichen, per E-Mail senden, per SMS senden oder liefern oder posten, gew\u00e4hren Sie uns und allen von uns autorisierten Personen au\u00dferdem eine geb\u00fchrenfreie, unbefristete, unwiderrufliche, nicht exklusive, uneingeschr\u00e4nkte, weltweite Lizenz zur Nutzung, Vervielf\u00e4ltigung, solches Material zu modifizieren, zu \u00fcbertragen, zu verkaufen, zu verwerten, davon abgeleitete Werke zu erstellen, zu verbreiten und\/oder \u00f6ffentlich vorzuf\u00fchren oder anzuzeigen, ganz oder teilweise, auf irgendeine Art und Weise oder auf jedem Medium,\u00a0jetzt bekannt oder sp\u00e4ter entwickelt, f\u00fcr jeden Zweck.\u00a0Die vorstehende Gew\u00e4hrung umfasst das Recht zur Verwertung aller Eigentumsrechte an solchen Ver\u00f6ffentlichungen oder \u00dcbermittlungen, einschlie\u00dflich, aber nicht beschr\u00e4nkt auf Rechte gem\u00e4\u00df Urheberrechts-, Marken-, Dienstleistungsmarken- oder Patentgesetzen unter allen relevanten Gerichtsbarkeiten.\u00a0Au\u00dferdem gew\u00e4hren Sie uns und allen von uns Bevollm\u00e4chtigten im Zusammenhang mit der Aus\u00fcbung dieser Rechte das Recht, Sie als Urheber Ihrer Postings oder Eingaben mit Namen, E-Mail-Adresse oder Benutzername zu identifizieren, wenn wir dies f\u00fcr angemessen halten.<\/span><\/p>\n<p><strong><span>Einschr\u00e4nkungen beim Verlinken und Framing<\/span><\/strong><\/p>\n<p><span>Sie k\u00f6nnen einen Hypertext-Link zu der Website einrichten, solange der Link keine F\u00f6rderung Ihrer Website durch uns oder die Website angibt oder impliziert.\u00a0Sie d\u00fcrfen jedoch ohne unsere vorherige schriftliche Genehmigung keine Inhalte der Website in Frames oder Inline-Links verlinken oder unsere Materialien, Inhalte oder unser geistiges Eigentum in eine andere Website oder einen anderen Dienst integrieren.<\/span><\/p>\n<p><strong><span>Genauigkeit der Informationen<\/span><\/strong><\/p>\n<p><span>Obwohl wir uns bem\u00fchen sicherzustellen, dass alle Informationen auf der Website korrekt sind, k\u00f6nnen wir nicht garantieren, dass alle Informationen jederzeit korrekt und aktuell sind.\u00a0Die Website enth\u00e4lt eine gro\u00dfe Menge an Daten, und bei der Nachverfolgung von \u00c4nderungen k\u00f6nnen Fehler auftreten, z. B. bei \u00c4nderungen von Datum und Uhrzeit von Ereignissen.<\/span><\/p>\n<p><span>Wir \u00fcbernehmen daher keine Haftung f\u00fcr Fehler oder Auslassungen in Bezug auf den Inhalt der Website.\u00a0Sollten Sie ungenaue Informationen auf der Website finden, informieren Sie uns bitte unter\u00a0\u00a0<\/span><span>ads@yeeti.com\u00a0<\/span><span>\u00a0und wir werden diese so schnell wie m\u00f6glich korrigieren.<\/span><\/p>\n<p><span>Ein Teil dieser Website enth\u00e4lt Materialien, die von Dritten an Yeeti Tech \u00fcbermittelt wurden.\u00a0Es liegt in der Verantwortung dieser Drittparteien, sicherzustellen, dass die zur Aufnahme auf dieser Website eingereichten Materialien den nationalen und relevanten ausl\u00e4ndischen Gesetzen entsprechen.<\/span><\/p>\n<p><span>Wir k\u00f6nnen die Genauigkeit oder Zuverl\u00e4ssigkeit dieses Materials nicht garantieren und lehnen hiermit jede Verantwortung f\u00fcr Fehler, Auslassungen oder Ungenauigkeiten im Material oder f\u00fcr Fehlinterpretationen, Verluste, Entt\u00e4uschungen, Fahrl\u00e4ssigkeit oder Sch\u00e4den ab, die durch das Vertrauen auf auf der Website enthaltenes Material verursacht werden.<\/span><\/p>\n<p><span>Wir \u00fcbernehmen auch keine Verantwortung f\u00fcr ein Versagen oder angebliches Versagen bei der Erbringung der hierin genannten Dienstleistungen oder im Falle des Konkurses, der Liquidation oder der Einstellung des Handels eines hierin genannten Unternehmens, einer Einzelperson oder einer Firma.\u00a0Es wird empfohlen, sich bei der betreffenden Einrichtung zu erkundigen.<\/span><\/p>\n<p><span>Wir \u00fcbernehmen keine Verantwortung f\u00fcr den Inhalt einer Site, zu der ein Hypertext-Link von dieser Site existiert.\u00a0Solche Links werden Ihnen ohne M\u00e4ngelgew\u00e4hr zur Verf\u00fcgung gestellt.<\/span><\/p>\n<p><strong><span>KEINE ERGEBNISGARANTIEN<\/span><\/strong><\/p>\n<p><span>Wie im Haftungsausschluss ausf\u00fchrlicher dargelegt, stimmen Sie zu, dass das Unternehmen keine Garantien f\u00fcr die Ergebnisse von Ma\u00dfnahmen \u00fcbernommen hat, unabh\u00e4ngig davon, ob diese auf dieser Website empfohlen werden oder nicht.\u00a0Das Unternehmen stellt Bildungs- und Informationsressourcen bereit, die den Benutzern dieser Website zum Erfolg verhelfen sollen.\u00a0Sie erkennen jedoch an, dass Ihr endg\u00fcltiger Erfolg oder Misserfolg das Ergebnis Ihrer eigenen Bem\u00fchungen, Ihrer besonderen Situation und unz\u00e4hliger anderer Umst\u00e4nde ist, die au\u00dferhalb der Kontrolle und\/oder Kenntnis des Unternehmens liegen.<\/span><\/p>\n<p><span>Sie erkennen auch an, dass fr\u00fchere Ergebnisse kein \u00e4hnliches Ergebnis garantieren.\u00a0Daher sind die Ergebnisse, die von anderen \u2013 ob Kunden des Unternehmens oder anderweitig \u2013 unter Anwendung der auf dieser Website dargelegten Grunds\u00e4tze erzielt werden, keine Garantie daf\u00fcr, dass Sie oder eine andere nat\u00fcrliche oder juristische Person \u00e4hnliche Ergebnisse erzielen k\u00f6nnen.<\/span><\/p>\n<p><strong><span>Haftungsbeschr\u00e4nkung<\/span><\/strong><\/p>\n<p><span>UNTER KEINEN UMST\u00c4NDEN, EINSCHLIESSLICH, ABER NICHT BESCHR\u00c4NKT AUF FAHRL\u00c4SSIGKEIT, SIND WIR, UNSERE TOCHTER- UND MUTTERGESELLSCHAFTEN ODER TOCHTERGESELLSCHAFTEN HAFTBAR F\u00dcR DIREKTE, INDIREKTE, ZUF\u00c4LLIGE, SPEZIELLE ODER FOLGESCH\u00c4DEN, DIE AUS DER VERWENDUNG ODER DER UNM\u00d6GLICHKEIT DER VERWENDUNG ENTSTEHEN, DIE WEBSITE, EINSCHLIESSLICH UNSERER NACHRICHTEN, BLOGS, KOMMENTARE ANDERER, B\u00dcCHER, E-MAILS, PRODUKTE ODER DIENSTLEISTUNGEN ODER MATERIALIEN, PRODUKTE ODER DIENSTLEISTUNGEN VON DRITTANBIETERN, DIE \u00dcBER DIE WEBSITE ODER VON UNS IN IRGENDEINER WEISE ZUR VERF\u00dcGUNG GESTELLT WERDEN, SELBST WENN WIR DARAUF HINGEWIESEN WERDEN VOR DER M\u00d6GLICHKEIT SOLCHER SCH\u00c4DEN.\u00a0(DA EINIGE STAATEN DEN AUSSCHLUSS ODER DIE BESCHR\u00c4NKUNG BESTIMMTER KATEGORIEN VON SCH\u00c4DEN NICHT ZUL\u00c4SSIGEN, GILT DIE OBENSTEHENDE BESCHR\u00c4NKUNG M\u00d6GLICHERWEISE NICHT F\u00dcR SIE. IN DIESEN STAATEN IST UNSERE HAFTUNG UND DIE HAFTUNG UNSERER TOCHTER- UND MUTTERGESELLSCHAFTEN ODER TOCHTERGESELLSCHAFTEN AUF DEN VOLLST\u00c4NDIG ZUL\u00c4SSIGEN UMFANG BESCHR\u00c4NKT DURCH SOLCHES STAATLICHES RECHT.\u00a0) ERKENNEN SIE AUSDR\u00dcCKLICH AN UND STIMMEN ZU, DASS WIR NICHT F\u00dcR VERLEUMDERISCHES, BELEIDIGENDES ODER ILLEGALES VERHALTEN EINES BENUTZERS HAFTBAR SIND.\u00a0WENN SIE MIT DER WEBSITE, MATERIALIEN, PRODUKTEN ODER DIENSTLEISTUNGEN AUF DER WEBSITE ODER MIT DEN GESCH\u00c4FTSBEDINGUNGEN DER WEBSITE UNZUFRIEDEN SIND, BESTEHT IHRE EINZIGE UND AUSSCHLIESSLICHE ABHILFE DARIN, DIE WEBSITE UND DIE PRODUKTE, DIENSTLEISTUNGEN UND\/ODER MATERIALIEN NICHT WEITER ZU VERWENDEN.<\/span><\/p>\n<p><strong><span>K\u00fcndigung und Zugriffsbeschr\u00e4nkung<\/span><\/strong><\/p>\n<p><span>Das Unternehmen beh\u00e4lt sich das Recht vor, nach eigenem Ermessen Ihren Zugriff auf die Website und die damit verbundenen Dienste oder Teile davon jederzeit ohne Vorank\u00fcndigung zu k\u00fcndigen.\u00a0Soweit gesetzlich zul\u00e4ssig, stimmen Sie hiermit zu, alle Streitigkeiten, die sich aus oder im Zusammenhang mit dieser Website oder den Nutzungsbedingungen ergeben, gem\u00e4\u00df der obigen Schiedsklausel beizulegen.\u00a0Die Nutzung der Website ist in einer Gerichtsbarkeit, die nicht alle Bestimmungen dieser Bedingungen, einschlie\u00dflich, aber nicht beschr\u00e4nkt auf diesen Abschnitt, wirksam werden l\u00e4sst, nicht gestattet.<\/span><\/p>\n<p><strong><span>DMCA-Hinweise<\/span><\/strong><\/p>\n<p><span>Die Website erstellt alle Inhalte und sucht auch nach Bildern \u00fcber Creative Commons oder kauft Bildlizenzen oder holt die Erlaubnis des K\u00fcnstlers ein, seine Arbeit zu verwenden.\u00a0Ich habe den tiefsten Respekt vor den Rechten anderer bei ihrer Arbeit.<\/span><\/p>\n<p><span>Wenn Sie der Meinung sind, dass Ihre Urheberrechte verletzt wurden, senden Sie uns bitte eine DMCA-Entfernungsmitteilung und wir werden sie gerne entfernen.\u00a0Sie k\u00f6nnen die Mitteilung an\u00a0\u00a0<\/span><span>ads@yeeti.com\u00a0<\/span><span>\u00a0oder Yeeti Tech International Plaza #22-02<\/span><br \/>\n<span>Singapore 079903 senden<\/span><\/p>\n<p><strong><span>Geltendes Recht<\/span><\/strong><\/p>\n<p><span>Diese Bedingungen sind in \u00dcbereinstimmung mit den Gesetzen von Singapur auszulegen und unterliegen diesen Gesetzen, ohne Bezugnahme auf deren Kollisionsnormen.\u00a0Sie stimmen hiermit unwiderruflich der ausschlie\u00dflichen Zust\u00e4ndigkeit zu.<\/span><\/p>\n","protected":false},"excerpt":{"rendered":"<p>G\u00fcltig ab: 22. FEBRUAR 2022 Rechte an geistigem Eigentum Sofern nicht anders angegeben, sind alle schriftlichen Inhalte auf dieser Website Eigentum von Yeeti Tech und\/oder unseren verbundenen Unternehmen oder Lizenzgebern&hellip;<\/p>\n","protected":false},"author":1,"featured_media":0,"parent":0,"menu_order":0,"comment_status":"closed","ping_status":"closed","template":"","meta":{"footnotes":""},"class_list":["post-24","page","type-page","status-publish"],"_links":{"self":[{"href":"https:\/\/homerology.com\/de\/wp-json\/wp\/v2\/pages\/24","targetHints":{"allow":["GET"]}}],"collection":[{"href":"https:\/\/homerology.com\/de\/wp-json\/wp\/v2\/pages"}],"about":[{"href":"https:\/\/homerology.com\/de\/wp-json\/wp\/v2\/types\/page"}],"author":[{"embeddable":true,"href":"https:\/\/homerology.com\/de\/wp-json\/wp\/v2\/users\/1"}],"replies":[{"embeddable":true,"href":"https:\/\/homerology.com\/de\/wp-json\/wp\/v2\/comments?post=24"}],"version-history":[{"count":0,"href":"https:\/\/homerology.com\/de\/wp-json\/wp\/v2\/pages\/24\/revisions"}],"wp:attachment":[{"href":"https:\/\/homerology.com\/de\/wp-json\/wp\/v2\/media?parent=24"}],"curies":[{"name":"wp","href":"https:\/\/api.w.org\/{rel}","templated":true}]}}