{"id":26,"date":"2022-02-02T11:07:44","date_gmt":"2022-02-02T11:07:44","guid":{"rendered":"https:\/\/homerology.com\/de\/cookie-richtlinie"},"modified":"2022-03-24T22:31:27","modified_gmt":"2022-03-24T22:31:27","slug":"cookie-richtlinie","status":"publish","type":"page","link":"https:\/\/homerology.com\/de\/cookie-richtlinie\/","title":{"rendered":"Cookie-Richtlinie"},"content":{"rendered":"<h3 class=\"entry-title\"><span>G\u00fcltig ab: 22. Februar 2022<\/span><\/h3>\n<p><span>Ein Cookie ist eine Datei, die eine Kennung (eine Folge von Buchstaben und Zahlen) enth\u00e4lt, die von einem Webserver an einen Webbrowser gesendet und vom Browser gespeichert wird.\u00a0Die Kennung wird dann jedes Mal an den Server zur\u00fcckgesendet, wenn der Browser eine Seite vom Server anfordert.\u00a0Cookies k\u00f6nnen entweder \u201edauerhafte\u201c Cookies oder \u201eSitzungs\u201c-Cookies sein: ein dauerhafter Cookie wird von einem Webbrowser gespeichert und bleibt bis zu seinem festgelegten Ablaufdatum g\u00fcltig, sofern er nicht vor dem Ablaufdatum vom Benutzer gel\u00f6scht wird;\u00a0Ein Sitzungscookie hingegen l\u00e4uft am Ende der Benutzersitzung ab, wenn der Webbrowser geschlossen wird.\u00a0Cookies enthalten normalerweise keine Informationen, die einen Benutzer pers\u00f6nlich identifizieren, aber pers\u00f6nliche Informationen, die wir \u00fcber Sie speichern, k\u00f6nnen mit den Informationen verkn\u00fcpft werden, die in Cookies gespeichert und von Cookies erhalten werden.<\/span><\/p>\n<p>&nbsp;<\/p>\n<p><strong><span>UNSERE VERWENDUNG VON COOKIES<\/span><\/strong><\/p>\n<p><span>Wir verwenden Cookies f\u00fcr folgende Zwecke:<\/span><\/p>\n<p><span>(a) Authentifizierung \u2013 wir verwenden Cookies, um Sie zu identifizieren, wenn Sie unsere Website besuchen und auf unserer Website navigieren;<\/span><\/p>\n<p><span>(b) Status \u2013 wir verwenden Cookies, um festzustellen, ob Sie auf unserer Website angemeldet sind;<\/span><\/p>\n<p><span>(c) Personalisierung \u2013 wir verwenden Cookies, um Informationen \u00fcber Ihre Pr\u00e4ferenzen zu speichern und die Website f\u00fcr Sie zu personalisieren;<\/span><\/p>\n<p><span>(d) Sicherheit \u2013 Wir verwenden Cookies als Element der Sicherheitsma\u00dfnahmen zum Schutz von Benutzerkonten, einschlie\u00dflich der Verhinderung der betr\u00fcgerischen Verwendung von Anmeldedaten, und zum allgemeinen Schutz unserer Website und Dienste.<\/span><\/p>\n<p><span>(e) Werbung \u2013 wir verwenden Cookies, um uns dabei zu helfen, Werbung anzuzeigen, die f\u00fcr Sie relevant ist;\u00a0und<\/span><\/p>\n<p><span>(f) Analyse \u2013 wir verwenden Cookies, die uns helfen, die Nutzung und Leistung unserer Website und Dienste zu analysieren;<\/span><\/p>\n<p><span>Wir verwenden Google Analytics, um die Nutzung unserer Website zu analysieren.\u00a0Google Analytics sammelt mithilfe von Cookies Informationen \u00fcber die Nutzung der Website.\u00a0Die im Zusammenhang mit unserer Website gesammelten Informationen werden verwendet, um Berichte \u00fcber die Nutzung unserer Website zu erstellen.\u00a0Die Datenschutzerkl\u00e4rung von Google finden Sie unter:\u00a0\u00a0<\/span><a href=\"https:\/\/translate.google.com\/website?sl=en&amp;tl=de&amp;hl=en&amp;client=webapp&amp;u=https:\/\/www.google.com\/policies\/privacy\/\" rel=\"\"><strong><span>https:\/\/www.google.com\/policies\/privacy\/<\/span><\/strong><\/a><\/p>\n<p><span>Die meisten Browser bieten Ihnen die M\u00f6glichkeit, die Annahme von Cookies zu verweigern und Cookies zu l\u00f6schen.<\/span><\/p>\n<p><span>Bitte beachten Sie, dass das Blockieren von Cookies negative Auswirkungen auf die Funktionen vieler Websites, einschlie\u00dflich unserer Website, haben kann.\u00a0Einige Funktionen der Website stehen Ihnen m\u00f6glicherweise nicht mehr zur Verf\u00fcgung.<\/span><\/p>\n<p><span>Einige der gesammelten Daten k\u00f6nnen anonyme Daten sein, die aggregiert werden und Sie nicht als Einzelperson identifizieren.<\/span><\/p>\n<p><strong><span>Cookies f\u00fcr Internetwerbung<\/span><\/strong><\/p>\n<p><span>Wie andere Online-Werbenetzwerke verwenden wir Cookies, Web-Beacons (auch bekannt als Aktions-Tags oder Einzelpixel-GIFs) und andere Technologien (zusammen \u201eCookies\u201c).\u00a0Cookies erm\u00f6glichen es uns, zu erfahren, welche Anzeigen Sie sehen, auf welche Anzeigen Sie klicken und andere Aktionen, die Sie auf unseren Websites und anderen Websites durchf\u00fchren.\u00a0Dadurch k\u00f6nnen wir Ihnen n\u00fctzlichere und relevantere Anzeigen bereitstellen.\u00a0Wenn wir beispielsweise wissen, welche Anzeigen Ihnen angezeigt werden, k\u00f6nnen wir darauf achten, Ihnen nicht wiederholt dieselben Anzeigen zu zeigen.<\/span><\/p>\n<p><span>Wir verkn\u00fcpfen Ihre Interaktion mit nicht verbundenen Websites nicht mit Ihrer Identit\u00e4t, wenn wir Ihnen interessenbasierte Werbung bereitstellen.<\/span><\/p>\n<p><span>Wir geben keine personenbezogenen Daten an Werbetreibende oder Websites Dritter weiter, auf denen unsere interessenbezogenen Anzeigen geschaltet werden.\u00a0Werbetreibende und andere Dritte (einschlie\u00dflich der Werbenetzwerke, Adserving-Unternehmen und anderer Dienstanbieter, die sie m\u00f6glicherweise verwenden) k\u00f6nnen jedoch davon ausgehen, dass Benutzer, die mit einer personalisierten Anzeige oder einem personalisierten Inhalt interagieren oder darauf klicken, Teil der Gruppe sind, die die Anzeige enth\u00e4lt oder Inhalte an die gerichtet ist (z. B. Benutzer in einem bestimmten geografischen Gebiet oder Benutzer, die klassische Musik gekauft oder gesucht haben).\u00a0Au\u00dferdem k\u00f6nnen uns einige Drittanbieter Informationen \u00fcber Sie (z. B. demografische Informationen oder Websites, auf denen Ihnen Werbung gezeigt wurde) aus Offline- und Online-Quellen zur Verf\u00fcgung stellen, die wir verwenden k\u00f6nnen, um Ihnen relevantere und n\u00fctzlichere Werbung bereitzustellen.<\/span><\/p>\n<p><span>Drittanbieter-Werbetreibende oder Werbefirmen, die in ihrem Auftrag arbeiten, verwenden manchmal Technologien, um die Werbung, die auf unseren Websites erscheint, direkt an Ihren Browser zu liefern.\u00a0Sie erhalten dabei automatisch Ihre IP-Adresse.\u00a0Sie k\u00f6nnen Cookies auch verwenden, um die Effektivit\u00e4t ihrer Werbung zu messen und Werbeinhalte zu personalisieren.\u00a0Wir haben weder Zugriff auf noch Kontrolle \u00fcber Cookies oder andere Funktionen, die Werbetreibende und Websites von Drittanbietern m\u00f6glicherweise verwenden, und die Informationspraktiken dieser Werbetreibenden und Websites von Drittanbietern werden nicht von unserer Datenschutzerkl\u00e4rung oder dieser Seite zu Cookies und Internetwerbung abgedeckt.\u00a0Bitte wenden Sie sich direkt an sie, um weitere Informationen zu ihren Datenschutzpraktiken zu erhalten.<\/span><\/p>\n<p><strong><span>Cookies f\u00fcr Google Adsense<\/span><\/strong><\/p>\n<p><span>Wir behalten uns au\u00dferdem das Recht vor, auf dieser Website interessenbezogene Google Adsense-Werbung zu ver\u00f6ffentlichen.\u00a0Diese werden von Google auf Ihre Interessen zugeschnitten.\u00a0Um Ihre Interessen zu ermitteln, verfolgt Google Ihr Verhalten im Internet mithilfe von Cookies.\u00a0Mit dem Anzeigenvorgaben-Manager von Google, verf\u00fcgbar unter: http:\/\/www.google.com\/ads\/preferences\/, k\u00f6nnen Sie mit Ihrem Browser verkn\u00fcpfte Interessenkategorien anzeigen, l\u00f6schen oder hinzuf\u00fcgen.\u00a0Sie k\u00f6nnen das Cookie des Adsense-Partnernetzwerks auch deaktivieren unter: http:\/\/www.google.com\/privacy_ads.html.\u00a0Dieser Opt-out-Mechanismus verwendet jedoch ein Cookie, und wenn Sie die Cookies von Ihrem Browser l\u00f6schen, wird Ihr Opt-out nicht beibehalten.\u00a0Um sicherzustellen, dass ein Opt-out f\u00fcr einen bestimmten Browser beibehalten wird, sollten Sie das Google-Browser-Plug-in verwenden, das unter http:\/\/www.google.com\/ads\/preferences\/plugin verf\u00fcgbar ist.<\/span><\/p>\n<p><strong><span>Andere Cookies von Drittanbietern<\/span><\/strong><\/p>\n<p><span>Wenn Sie diese Website nutzen, werden Ihnen m\u00f6glicherweise auch einige andere Cookies von Drittanbietern gesendet, die f\u00fcr die folgenden Zwecke verwendet werden k\u00f6nnen:<\/span><\/p>\n<p><span>lleistungsbasiert<\/span><br \/>\n<span>l geografischer Standort und verwendetes Ger\u00e4t<\/span><br \/>\n<span>l Browser- und Spracheinstellungen<\/span><\/p>\n<p><strong><span>Kekse ablehnen<\/span><\/strong><\/p>\n<p><span>Bei den meisten Browsern k\u00f6nnen Sie die Annahme von Cookies ablehnen.<\/span><\/p>\n<p><span>Im Internet Explorer k\u00f6nnen Sie alle Cookies ablehnen, indem Sie auf \u201eExtras\u201c, \u201eInternetoptionen\u201c, \u201eDatenschutz\u201c klicken und mit dem Schieberegler \u201eAlle Cookies blockieren\u201c ausw\u00e4hlen.<\/span><\/p>\n<p><span>In Firefox k\u00f6nnen Sie Ihre Cookie-Einstellungen anpassen, indem Sie auf \u201eExtras\u201c, \u201eOptionen\u201c und \u201eDatenschutz\u201c klicken.<\/span><\/p>\n<p><span>Das Blockieren von Cookies wirkt sich negativ auf die Benutzerfreundlichkeit einiger Websites aus.<\/span><\/p>\n<p>&nbsp;<\/p>\n<p><span>Ihre Auswahl auf dieser Seite gilt nur f\u00fcr diese Seite.\u00a0Sie k\u00f6nnen Ihre Einstellungen jederzeit \u00e4ndern, einschlie\u00dflich der verf\u00fcgbaren Schritte zum Widerruf Ihrer Einwilligung, indem Sie auf die\u00a0 Seite\u00a0<\/span><a href=\"https:\/\/homerology-com.translate.goog\/privacy-policy\/?_x_tr_sl=en&amp;_x_tr_tl=de&amp;_x_tr_hl=en&amp;_x_tr_pto=wapp\" rel=\"\"><u><span>Datenschutzrichtlinie<\/span><\/u><\/a><span>\u00a0dieser Website gehen.<\/span><\/p>\n<p>&nbsp;<\/p>\n","protected":false},"excerpt":{"rendered":"<p>G\u00fcltig ab: 22. Februar 2022 Ein Cookie ist eine Datei, die eine Kennung (eine Folge von Buchstaben und Zahlen) enth\u00e4lt, die von einem Webserver an einen Webbrowser gesendet und vom&hellip;<\/p>\n","protected":false},"author":1,"featured_media":0,"parent":0,"menu_order":0,"comment_status":"closed","ping_status":"closed","template":"","meta":{"footnotes":""},"class_list":["post-26","page","type-page","status-publish"],"_links":{"self":[{"href":"https:\/\/homerology.com\/de\/wp-json\/wp\/v2\/pages\/26","targetHints":{"allow":["GET"]}}],"collection":[{"href":"https:\/\/homerology.com\/de\/wp-json\/wp\/v2\/pages"}],"about":[{"href":"https:\/\/homerology.com\/de\/wp-json\/wp\/v2\/types\/page"}],"author":[{"embeddable":true,"href":"https:\/\/homerology.com\/de\/wp-json\/wp\/v2\/users\/1"}],"replies":[{"embeddable":true,"href":"https:\/\/homerology.com\/de\/wp-json\/wp\/v2\/comments?post=26"}],"version-history":[{"count":0,"href":"https:\/\/homerology.com\/de\/wp-json\/wp\/v2\/pages\/26\/revisions"}],"wp:attachment":[{"href":"https:\/\/homerology.com\/de\/wp-json\/wp\/v2\/media?parent=26"}],"curies":[{"name":"wp","href":"https:\/\/api.w.org\/{rel}","templated":true}]}}