{"id":307,"date":"2022-02-25T17:13:50","date_gmt":"2022-02-25T17:13:50","guid":{"rendered":"https:\/\/homerology.com\/de\/website-nutzungsrichtlinie"},"modified":"2022-03-24T22:32:19","modified_gmt":"2022-03-24T22:32:19","slug":"website-nutzungsrichtlinie","status":"publish","type":"page","link":"https:\/\/homerology.com\/de\/website-nutzungsrichtlinie\/","title":{"rendered":"Website-Nutzungsrichtlinie"},"content":{"rendered":"<p><strong><span><span class=\"\">G\u00fcltig ab :<\/span><\/span><\/strong><span><span class=\"\">\u00a0\u00a022. FEBRUAR 2022<\/span><\/span><\/p>\n<p><strong><span>DIESE SEITE STELLT UNSERE\u00a0<\/span><u><span>WEBSITE-NUTZUNGSRICHTLINIEN UM<\/span><\/u><span>\u00a0.\u00a0BITTE LESEN SIE SIE SORGF\u00c4LTIG DURCH, BEVOR SIE DIESE WEBSITE NUTZEN.<\/span><\/strong><\/p>\n<p><span>Durch die Nutzung von \u201e\u00a0<\/span><strong><span>Accumoli.com\u201c<\/span><\/strong><span>\u00a0\u00a0(im Folgenden als \u201eSite\u201c, \u201eWebsite\u201c bezeichnet) stimmen Sie den auf dieser Seite aufgef\u00fchrten Richtlinien zu.\u00a0Unsere Datenschutzrichtlinie beschreibt zusammen mit unseren Nutzungsbedingungen die Faktoren, die sich auf unseren redaktionellen Inhalt auswirken k\u00f6nnen, die personenbezogenen Daten, die wir \u00fcber unsere Website erfassen, wie wir diese Informationen erfassen und welche Parteien gegebenenfalls Zugriff darauf haben.<\/span><\/p>\n<p><span>Durch die Nutzung der Website, die Yeeti Tech (\u201eUnternehmen\u201c, \u201euns\u201c, \u201ewir\u201c oder \u201eunser\u201c) geh\u00f6rt und von Yeeti Tech betrieben wird, akzeptieren Sie ausdr\u00fccklich, ohne Einschr\u00e4nkung oder Einschr\u00e4nkung, unsere Praktiken in Bezug auf die Erfassung, Nutzung und Weitergabe personenbezogener Daten, die Sie auf die auf dieser Richtlinienseite beschriebene Weise bereitgestellt haben.\u00a0Wenn Sie mit den Bedingungen auf dieser Richtlinienseite nicht einverstanden sind, greifen Sie bitte nicht auf diese Website zu, durchsuchen Sie sie nicht und verwenden Sie sie nicht.<\/span><\/p>\n<p><span>Wir empfehlen Ihnen, diese Seite jedes Mal zu \u00fcberpr\u00fcfen, wenn Sie die Website verwenden oder darauf zugreifen, um auf dem Laufenden zu bleiben.<\/span><\/p>\n<p><strong><span>KONTAKTDATEN<\/span><\/strong><br \/>\n<span>Vollst\u00e4ndiger Name der juristischen Person: Yeeti Tech Private Limited Company<\/span><\/p>\n<p><span>Yeeti Tech<\/span><br \/>\n<span>International Plaza #22-02<\/span><br \/>\n<span>Singapur 079903<\/span><\/p>\n<p><span>E-Mail-Adresse:\u00a0\u00a0<\/span><span>ads@yeeti.com<\/span><\/p>\n<p>&nbsp;<\/p>\n","protected":false},"excerpt":{"rendered":"<p>G\u00fcltig ab :\u00a0\u00a022. FEBRUAR 2022 DIESE SEITE STELLT UNSERE\u00a0WEBSITE-NUTZUNGSRICHTLINIEN UM\u00a0.\u00a0BITTE LESEN SIE SIE SORGF\u00c4LTIG DURCH, BEVOR SIE DIESE WEBSITE NUTZEN. Durch die Nutzung von \u201e\u00a0Accumoli.com\u201c\u00a0\u00a0(im Folgenden als \u201eSite\u201c, \u201eWebsite\u201c bezeichnet)&hellip;<\/p>\n","protected":false},"author":1,"featured_media":0,"parent":0,"menu_order":0,"comment_status":"closed","ping_status":"closed","template":"","meta":{"footnotes":""},"class_list":["post-307","page","type-page","status-publish"],"_links":{"self":[{"href":"https:\/\/homerology.com\/de\/wp-json\/wp\/v2\/pages\/307","targetHints":{"allow":["GET"]}}],"collection":[{"href":"https:\/\/homerology.com\/de\/wp-json\/wp\/v2\/pages"}],"about":[{"href":"https:\/\/homerology.com\/de\/wp-json\/wp\/v2\/types\/page"}],"author":[{"embeddable":true,"href":"https:\/\/homerology.com\/de\/wp-json\/wp\/v2\/users\/1"}],"replies":[{"embeddable":true,"href":"https:\/\/homerology.com\/de\/wp-json\/wp\/v2\/comments?post=307"}],"version-history":[{"count":0,"href":"https:\/\/homerology.com\/de\/wp-json\/wp\/v2\/pages\/307\/revisions"}],"wp:attachment":[{"href":"https:\/\/homerology.com\/de\/wp-json\/wp\/v2\/media?parent=307"}],"curies":[{"name":"wp","href":"https:\/\/api.w.org\/{rel}","templated":true}]}}