{"id":21,"date":"2022-02-02T11:03:46","date_gmt":"2022-02-02T11:03:46","guid":{"rendered":"https:\/\/homerology.com\/?page_id=21"},"modified":"2022-03-31T15:22:53","modified_gmt":"2022-03-31T15:22:53","slug":"about-us","status":"publish","type":"page","link":"https:\/\/homerology.com\/es\/about-us\/","title":{"rendered":"Sobre Nosotros"},"content":{"rendered":"<p>Nuestro sitio es un sitio web de informaci\u00f3n especializado en\u00a0<span lang=\"en\">decoraci\u00f3n del hogar e ideas de cocina para innovar su hogar con estilo.<\/span><\/p>\n<p>Fue conceptualizado para inspirar a las personas interesadas en procedimientos pr\u00e1cticos e ideas sobre caracter\u00edsticas, algunas de las ideas y dise\u00f1os m\u00e1s innovadores para mejorar el hogar, el dormitorio, la cocina y el jard\u00edn, las \u00faltimas tendencias de decoraci\u00f3n, muebles, accesorios, as\u00ed como consejos y gu\u00edas.<\/p>\n<p>El blog presenta consejos cl\u00e1sicos e informaci\u00f3n \u00fatil sobre las \u00faltimas tendencias en<br \/>\n<em><strong>Decoraci\u00f3n del hogar, dise\u00f1o de interiores, remodelaci\u00f3n de dormitorios y cocinas.<\/strong><\/em><\/p>\n","protected":false},"excerpt":{"rendered":"<p>Nuestro sitio es un sitio web de informaci\u00f3n especializado en\u00a0decoraci\u00f3n del hogar e ideas de cocina para innovar su hogar con estilo. Fue conceptualizado para inspirar a las personas interesadas&hellip;<\/p>\n","protected":false},"author":1,"featured_media":0,"parent":0,"menu_order":0,"comment_status":"closed","ping_status":"closed","template":"","meta":{"footnotes":""},"class_list":["post-21","page","type-page","status-publish"],"_links":{"self":[{"href":"https:\/\/homerology.com\/es\/wp-json\/wp\/v2\/pages\/21","targetHints":{"allow":["GET"]}}],"collection":[{"href":"https:\/\/homerology.com\/es\/wp-json\/wp\/v2\/pages"}],"about":[{"href":"https:\/\/homerology.com\/es\/wp-json\/wp\/v2\/types\/page"}],"author":[{"embeddable":true,"href":"https:\/\/homerology.com\/es\/wp-json\/wp\/v2\/users\/1"}],"replies":[{"embeddable":true,"href":"https:\/\/homerology.com\/es\/wp-json\/wp\/v2\/comments?post=21"}],"version-history":[{"count":4,"href":"https:\/\/homerology.com\/es\/wp-json\/wp\/v2\/pages\/21\/revisions"}],"predecessor-version":[{"id":316,"href":"https:\/\/homerology.com\/es\/wp-json\/wp\/v2\/pages\/21\/revisions\/316"}],"wp:attachment":[{"href":"https:\/\/homerology.com\/es\/wp-json\/wp\/v2\/media?parent=21"}],"curies":[{"name":"wp","href":"https:\/\/api.w.org\/{rel}","templated":true}]}}