{"id":24,"date":"2022-02-02T11:06:45","date_gmt":"2022-02-02T11:06:45","guid":{"rendered":"https:\/\/homerology.com\/?page_id=24"},"modified":"2022-02-25T17:10:50","modified_gmt":"2022-02-25T17:10:50","slug":"terms-of-use","status":"publish","type":"page","link":"https:\/\/homerology.com\/es\/terms-of-use\/","title":{"rendered":"T\u00e9rminos de Uso"},"content":{"rendered":"<div class=\"page-header\">\n<div class=\"page-title post-title is-size-1\">\n<h3 id=\"vigencia-22-de-febrero-de-2022\"><span><span class=\"\">Vigencia: 22 DE FEBRERO DE 2022<\/span><\/span><\/h3>\n<p><strong><span>Derechos de propiedad intelectual<\/span><\/strong><\/p>\n<p><span>A menos que se indique lo contrario, todo el contenido escrito en este sitio es propiedad de Yeeti Tech y\/o nuestros afiliados o licenciantes, y est\u00e1 protegido por derechos de autor, marca registrada y otras leyes de propiedad intelectual.\u00a0El Sitio se proporciona \u00fanicamente para su uso personal no comercial.\u00a0No puede usar el Sitio o los materiales disponibles en el Sitio de una manera que constituya una infracci\u00f3n de nuestros derechos o que no haya sido autorizada por nosotros.\u00a0M\u00e1s espec\u00edficamente, no puede modificar, copiar, reproducir, volver a publicar, cargar, publicar, traducir, vender, crear trabajos derivados, explotar o distribuir de ninguna manera o medio (incluso por correo electr\u00f3nico u otros medios electr\u00f3nicos) cualquier material del Sitio sin permiso previo.\u00a0Sin embargo, puede descargar, imprimir y\/o compartir una copia de p\u00e1ginas individuales del Sitio para uso no comercial,<\/span><\/p>\n<p><strong><span>Su licencia para nosotros<\/span><\/strong><\/p>\n<p><span>Al publicar o enviar cualquier material (incluidos, entre otros, comentarios, entradas de blog, publicaciones de Facebook, fotos y videos) a nosotros a trav\u00e9s del Sitio, grupos de Internet, sitios de redes sociales o a cualquiera de nuestro personal por correo electr\u00f3nico, mensaje de texto o de otra manera, usted declara: (i) que es el propietario del material, o que est\u00e1 publicando o enviando con el consentimiento expreso del propietario del material;\u00a0y (ii) que tiene trece a\u00f1os de edad o m\u00e1s.\u00a0Adem\u00e1s, cuando env\u00eda, env\u00eda un correo electr\u00f3nico, env\u00eda un mensaje de texto o entrega o publica cualquier material, nos est\u00e1 otorgando a nosotros, y a cualquier persona autorizada por nosotros, una licencia mundial libre de regal\u00edas, perpetua, irrevocable, no exclusiva, sin restricciones para usar, copiar, modificar, transmitir, vender, explotar, crear trabajos derivados de, distribuir y\/o ejecutar o mostrar p\u00fablicamente dicho material, en su totalidad o en parte, de cualquier manera o medio,\u00a0ahora conocido o desarrollado en el futuro, para cualquier prop\u00f3sito.\u00a0La concesi\u00f3n anterior incluir\u00e1 el derecho a explotar cualquier derecho de propiedad en dicha publicaci\u00f3n o env\u00edo, incluidos, entre otros, los derechos de propiedad intelectual, marca comercial, marca de servicio o leyes de patentes en cualquier jurisdicci\u00f3n pertinente.\u00a0Adem\u00e1s, en relaci\u00f3n con el ejercicio de tales derechos, nos otorga a nosotros, y a cualquier persona autorizada por nosotros, el derecho de identificarlo como el autor de cualquiera de sus publicaciones o env\u00edos por su nombre, direcci\u00f3n de correo electr\u00f3nico o nombre de pantalla, seg\u00fan lo consideremos apropiado.<\/span><\/p>\n<p><strong><span>Limitaciones en la vinculaci\u00f3n y el encuadre<\/span><\/strong><\/p>\n<p><span>Puede establecer un enlace de hipertexto al Sitio siempre que el enlace no indique o implique ning\u00fan patrocinio de su sitio por parte de nosotros o del Sitio.\u00a0Sin embargo, no puede, sin nuestro permiso previo por escrito, enmarcar o vincular en l\u00ednea ninguno de los contenidos del Sitio, o incorporar a otro sitio web u otro servicio ninguno de nuestros materiales, contenidos o propiedad intelectual.<\/span><\/p>\n<p><strong><span>Precisi\u00f3n de la informaci\u00f3n<\/span><\/strong><\/p>\n<p><span>Si bien nos esforzaremos por garantizar que toda la informaci\u00f3n del Sitio sea precisa, no podemos garantizar que toda la informaci\u00f3n sea precisa y est\u00e9 actualizada en todo momento.\u00a0El Sitio contiene una gran cantidad de datos y es probable que se produzcan errores en el seguimiento de los cambios, por ejemplo, cambios en las fechas y horas de los eventos.<\/span><\/p>\n<p><span>Por lo tanto, no aceptamos ninguna responsabilidad por error u omisi\u00f3n con respecto al contenido del Sitio.\u00a0Si encuentra informaci\u00f3n inexacta en el Sitio, inf\u00f3rmenos a\u00a0\u00a0<\/span><span>ads@yeeti.com\u00a0<\/span><span>\u00a0y la corregiremos tan pronto como sea posible.<\/span><\/p>\n<p><span>Parte de este Sitio contiene materiales enviados a Yeeti Tech por Terceros.\u00a0Es responsabilidad de estos Terceros asegurarse de que los materiales enviados para su inclusi\u00f3n en este Sitio cumplan con las leyes nacionales y extranjeras pertinentes.<\/span><\/p>\n<p><span>No podemos garantizar la precisi\u00f3n o confiabilidad de este material y por la presente renunciamos a cualquier responsabilidad por error, omisi\u00f3n o inexactitud en el material o por cualquier mala interpretaci\u00f3n, p\u00e9rdida, decepci\u00f3n, negligencia o da\u00f1o causado por confiar en cualquier material contenido en el Sitio.<\/span><\/p>\n<p><span>Tampoco podemos aceptar responsabilidad por cualquier falla o supuesta falla en la prestaci\u00f3n de los servicios a los que se hace referencia en este documento, o en caso de quiebra, liquidaci\u00f3n o cese comercial de cualquier empresa, individuo o firma a la que se hace referencia en este documento.\u00a0Se recomienda consultar con el establecimiento correspondiente.<\/span><\/p>\n<p><span>No aceptamos ninguna responsabilidad por el contenido de cualquier Sitio al que exista un enlace de hipertexto desde este Sitio.\u00a0Dichos enlaces se proporcionan para su comodidad &#8220;tal cual&#8221;.<\/span><\/p>\n<p><strong><span>SIN GARANT\u00cdAS DE RESULTADOS<\/span><\/strong><\/p>\n<p><span>Como se establece m\u00e1s detalladamente en el Descargo de responsabilidad, usted acepta que la Compa\u00f1\u00eda no ha ofrecido ninguna garant\u00eda sobre los resultados de tomar cualquier acci\u00f3n, ya sea que se recomiende en este sitio web o no.\u00a0La Compa\u00f1\u00eda proporciona recursos educativos e informativos destinados a ayudar a los usuarios de este sitio web a tener \u00e9xito.\u00a0No obstante, reconoce que su \u00e9xito o fracaso final ser\u00e1 el resultado de sus propios esfuerzos, su situaci\u00f3n particular y otras innumerables circunstancias que escapan al control y\/o conocimiento de la Compa\u00f1\u00eda.<\/span><\/p>\n<p><span>Tambi\u00e9n reconoce que los resultados anteriores no garantizan un resultado similar.\u00a0Por lo tanto, los resultados obtenidos por otros, ya sean clientes de la Compa\u00f1\u00eda o no, aplicando los principios establecidos en este sitio web no garantizan que usted o cualquier otra persona o entidad pueda obtener resultados similares.<\/span><\/p>\n<p><strong><span>Limitaci\u00f3n de responsabilidad<\/span><\/strong><\/p>\n<p><span>BAJO NINGUNA CIRCUNSTANCIA, INCLUYENDO, PERO NO LIMITADO A, NEGLIGENCIA, NOSOTROS, NUESTRAS EMPRESAS SUBSIDIARIAS Y MATRICES O AFILIADOS SEREMOS RESPONSABLES DE CUALQUIER DA\u00d1O DIRECTO, INDIRECTO, INCIDENTAL, ESPECIAL O CONSECUENTE QUE RESULTE DEL USO O LA INCAPACIDAD DE USO, EL SITIO, INCLUYENDO EN NUESTROS MENSAJES, BLOGS, COMENTARIOS DE OTROS, LIBROS, CORREOS ELECTR\u00d3NICOS, PRODUCTOS O SERVICIOS, O MATERIALES, PRODUCTOS O SERVICIOS DE TERCEROS DISPONIBLES A TRAV\u00c9S DEL SITIO O POR NOSOTROS DE CUALQUIER MANERA, INCLUSO SI NOS AVISAN DE ANTEMANO DE LA POSIBILIDAD DE DICHOS DA\u00d1OS.\u00a0(DEBIDO A QUE ALGUNOS ESTADOS NO PERMITEN LA EXCLUSI\u00d3N O LIMITACI\u00d3N DE CIERTAS CATEGOR\u00cdAS DE DA\u00d1OS, LA LIMITACI\u00d3N ANTERIOR PUEDE NO APLICAR EN SU CASO. EN DICHOS ESTADOS, NUESTRA RESPONSABILIDAD Y LA RESPONSABILIDAD DE NUESTRAS COMPA\u00d1\u00cdAS SUBSIDIARIAS Y MATRICES O AFILIADOS SE LIMITA AL GRADO M\u00c1XIMO PERMITIDO POR DICHA LEY ESTATAL.\u00a0) USTED RECONOCE Y ACEPTA ESPEC\u00cdFICAMENTE QUE NO SOMOS RESPONSABLES DE NINGUNA CONDUCTA DIFAMATORIA, OFENSIVA O ILEGAL DE CUALQUIER USUARIO.\u00a0SI NO EST\u00c1 SATISFECHO CON EL SITIO, CUALQUIER MATERIAL, PRODUCTO O SERVICIO EN EL SITIO, O CON ALGUNO DE LOS T\u00c9RMINOS Y CONDICIONES DEL SITIO, SU \u00daNICO Y EXCLUSIVO RECURSO ES DEJAR DE UTILIZAR EL SITIO Y LOS PRODUCTOS, SERVICIOS Y\/O MATERIALES.<\/span><\/p>\n<p><strong><span>Terminaci\u00f3n y Restricci\u00f3n de Acceso<\/span><\/strong><\/p>\n<p><span>La Compa\u00f1\u00eda se reserva el derecho, a su exclusivo criterio, de cancelar su acceso al sitio web y los servicios relacionados o cualquier parte de los mismos en cualquier momento, sin previo aviso.\u00a0En la medida m\u00e1xima permitida por la ley, y por la presente acepta resolver todas y cada una de las disputas que surjan o est\u00e9n relacionadas con este sitio web o los T\u00e9rminos de uso de conformidad con la Cl\u00e1usula de arbitraje anterior.\u00a0El uso del sitio web no est\u00e1 autorizado en ninguna jurisdicci\u00f3n que no haga efectivas todas las disposiciones de estos T\u00e9rminos, incluida, entre otras, esta secci\u00f3n.<\/span><\/p>\n<p><strong><span>Avisos de DMCA<\/span><\/strong><\/p>\n<p><span>El Sitio crea todo el contenido y tambi\u00e9n busca im\u00e1genes a trav\u00e9s de Creative Commons o compra licencias de im\u00e1genes u obtiene permiso del artista para usar su trabajo.\u00a0Tengo el m\u00e1s profundo respeto por los derechos de los dem\u00e1s en su trabajo.<\/span><\/p>\n<p><span>Si cree que se han violado sus derechos de autor, env\u00edenos un aviso de eliminaci\u00f3n de DMCA y con gusto lo eliminaremos.\u00a0Puede enviar el aviso a\u00a0\u00a0<\/span><span>ads@yeeti.com\u00a0<\/span><span>\u00a0o Yeeti Tech International Plaza #22-02<\/span><br \/>\n<span>Singapur 079903<\/span><\/p>\n<p><strong><span>Ley que rige<\/span><\/strong><\/p>\n<p><span>Estos T\u00e9rminos se interpretar\u00e1n de acuerdo con las leyes de Singapur y se regir\u00e1n por ellas, sin hacer referencia a sus normas sobre conflictos de leyes.\u00a0Por la presente, acepta irrevocablemente la jurisdicci\u00f3n exclusiva.<\/span><\/p>\n<p>&nbsp;<\/p>\n<\/div>\n<\/div>\n","protected":false},"excerpt":{"rendered":"<p>Vigencia: 22 DE FEBRERO DE 2022 Derechos de propiedad intelectual A menos que se indique lo contrario, todo el contenido escrito en este sitio es propiedad de Yeeti Tech y\/o&hellip;<\/p>\n","protected":false},"author":1,"featured_media":0,"parent":0,"menu_order":0,"comment_status":"closed","ping_status":"closed","template":"","meta":{"footnotes":""},"class_list":["post-24","page","type-page","status-publish"],"_links":{"self":[{"href":"https:\/\/homerology.com\/es\/wp-json\/wp\/v2\/pages\/24","targetHints":{"allow":["GET"]}}],"collection":[{"href":"https:\/\/homerology.com\/es\/wp-json\/wp\/v2\/pages"}],"about":[{"href":"https:\/\/homerology.com\/es\/wp-json\/wp\/v2\/types\/page"}],"author":[{"embeddable":true,"href":"https:\/\/homerology.com\/es\/wp-json\/wp\/v2\/users\/1"}],"replies":[{"embeddable":true,"href":"https:\/\/homerology.com\/es\/wp-json\/wp\/v2\/comments?post=24"}],"version-history":[{"count":2,"href":"https:\/\/homerology.com\/es\/wp-json\/wp\/v2\/pages\/24\/revisions"}],"predecessor-version":[{"id":303,"href":"https:\/\/homerology.com\/es\/wp-json\/wp\/v2\/pages\/24\/revisions\/303"}],"wp:attachment":[{"href":"https:\/\/homerology.com\/es\/wp-json\/wp\/v2\/media?parent=24"}],"curies":[{"name":"wp","href":"https:\/\/api.w.org\/{rel}","templated":true}]}}