{"id":28,"date":"2022-02-02T11:09:02","date_gmt":"2022-02-02T11:09:02","guid":{"rendered":"https:\/\/homerology.com\/?page_id=28"},"modified":"2022-02-25T17:12:30","modified_gmt":"2022-02-25T17:12:30","slug":"disclaimer-disclosure-policy","status":"publish","type":"page","link":"https:\/\/homerology.com\/es\/disclaimer-disclosure-policy\/","title":{"rendered":"Descargo de responsabilidad y pol\u00edtica de divulgaci\u00f3n"},"content":{"rendered":"<header>\n<div class=\"page-header\">\n<div class=\"page-title post-title is-size-1\">\n<h3 class=\"entry-title\"><span>Efectivo: 22 de febrero de 2022<\/span><\/h3>\n<p><span>Accumoli.com es parte de la red de blogs administrada por Yeeti Tech.\u00a0Este blog acepta formas de publicidad en efectivo, patrocinio, inserciones pagadas u otras formas de compensaci\u00f3n.\u00a0La compensaci\u00f3n recibida nunca influir\u00e1 en el contenido, temas o publicaciones realizadas en este blog.\u00a0Toda la publicidad tiene la forma de anuncios generados por redes publicitarias de terceros con las que nos asociamos.\u00a0Esos anuncios ser\u00e1n identificados como anuncios pagados.<\/span><\/p>\n<p><span>Tenga en cuenta que Accumoli.com tiene relaciones comerciales y publicitarias con algunos de los comerciantes mencionados en nuestro blog.\u00a0Podemos recibir una compensaci\u00f3n si los consumidores eligen utilizar los enlaces ubicados en todo el contenido de este sitio y generar ventas para dicho comerciante.<\/span><\/p>\n<p><span>De vez en cuando, tambi\u00e9n recibimos una compensaci\u00f3n por brindar opiniones sobre productos, servicios, sitios web y varios otros temas.\u00a0Aunque podemos recibir una compensaci\u00f3n por ciertas publicaciones o anuncios, siempre damos nuestras opiniones, hallazgos, creencias o experiencias honestas sobre esos temas o productos.\u00a0Los puntos de vista y las opiniones expresadas en este blog son exclusivamente de los blogueros.\u00a0Cualquier declaraci\u00f3n de producto, estad\u00edstica, cotizaci\u00f3n u otra representaci\u00f3n sobre un producto o servicio debe verificarse con el fabricante, proveedor o parte en cuesti\u00f3n.<\/span><\/p>\n<p><span>Tambi\u00e9n podemos registrarnos como afiliados en diferentes sitios de afiliaci\u00f3n como el Programa de Asociados de Amazon Services LLC.\u00a0Son programas de publicidad de afiliados dise\u00f1ados para proporcionarnos un medio para ganar tarifas al vincularnos a Amazon.com y otros sitios afiliados.\u00a0Tambi\u00e9n podemos trabajar como afiliados en el Instituto de Nutrici\u00f3n Integrativa u otras redes de programas afiliados de salud y bienestar.\u00a0<span class=\"goog-text-highlight\">Las opiniones en este blog no pretenden actuar como un consejo m\u00e9dico o de un defensor de la salud profesional.\u00a0<\/span>Siempre debe consultar con un profesional m\u00e9dico antes de tomar cualquier decisi\u00f3n m\u00e9dica o de salud espec\u00edfica. Este blog no contiene ning\u00fan contenido que pueda presentar un conflicto de intereses.<\/span><\/p>\n<p><strong><span>Seguridad<\/span><\/strong><\/p>\n<p><span>Estamos comprometidos a garantizar que su informaci\u00f3n est\u00e9 segura.\u00a0Para evitar el acceso o la divulgaci\u00f3n no autorizados, hemos implementado procedimientos f\u00edsicos, electr\u00f3nicos y administrativos adecuados para salvaguardar y proteger la informaci\u00f3n que recopilamos en l\u00ednea.<\/span><\/p>\n<p><span>Si tiene alguna pregunta sobre este descargo de responsabilidad, puede enviar un correo electr\u00f3nico a\u00a0<\/span><span>ads@yeeti.com<\/span><\/p>\n<\/div>\n<\/div>\n<\/header>\n","protected":false},"excerpt":{"rendered":"<p>Efectivo: 22 de febrero de 2022 Accumoli.com es parte de la red de blogs administrada por Yeeti Tech.\u00a0Este blog acepta formas de publicidad en efectivo, patrocinio, inserciones pagadas u otras&hellip;<\/p>\n","protected":false},"author":1,"featured_media":0,"parent":0,"menu_order":0,"comment_status":"closed","ping_status":"closed","template":"","meta":{"footnotes":""},"class_list":["post-28","page","type-page","status-publish"],"_links":{"self":[{"href":"https:\/\/homerology.com\/es\/wp-json\/wp\/v2\/pages\/28","targetHints":{"allow":["GET"]}}],"collection":[{"href":"https:\/\/homerology.com\/es\/wp-json\/wp\/v2\/pages"}],"about":[{"href":"https:\/\/homerology.com\/es\/wp-json\/wp\/v2\/types\/page"}],"author":[{"embeddable":true,"href":"https:\/\/homerology.com\/es\/wp-json\/wp\/v2\/users\/1"}],"replies":[{"embeddable":true,"href":"https:\/\/homerology.com\/es\/wp-json\/wp\/v2\/comments?post=28"}],"version-history":[{"count":3,"href":"https:\/\/homerology.com\/es\/wp-json\/wp\/v2\/pages\/28\/revisions"}],"predecessor-version":[{"id":305,"href":"https:\/\/homerology.com\/es\/wp-json\/wp\/v2\/pages\/28\/revisions\/305"}],"wp:attachment":[{"href":"https:\/\/homerology.com\/es\/wp-json\/wp\/v2\/media?parent=28"}],"curies":[{"name":"wp","href":"https:\/\/api.w.org\/{rel}","templated":true}]}}