{"id":307,"date":"2022-02-25T17:13:50","date_gmt":"2022-02-25T17:13:50","guid":{"rendered":"https:\/\/homerology.com\/es\/?page_id=307"},"modified":"2022-02-25T17:14:09","modified_gmt":"2022-02-25T17:14:09","slug":"website-usage-policy","status":"publish","type":"page","link":"https:\/\/homerology.com\/es\/website-usage-policy\/","title":{"rendered":"Pol\u00edtica de uso del sitio web"},"content":{"rendered":"<p><strong><span>Vigencia:<\/span><\/strong><span>\u00a0\u00a022 DE FEBRERO DE 2022<\/span><\/p>\n<p><strong><span>ESTA P\u00c1GINA DESCRIBE NUESTRA\u00a0<\/span><u><span>POL\u00cdTICA DE USO DEL SITIO WEB<\/span><\/u><span>\u00a0.\u00a0POR FAVOR L\u00c9ALAS CUIDADOSAMENTE ANTES DE UTILIZAR ESTE SITIO.<\/span><\/strong><\/p>\n<p><span>Al utilizar \u201c\u00a0<\/span><strong><span>Accumoli.com\u201d<\/span><\/strong><span>\u00a0\u00a0(en lo sucesivo, el \u201cSitio\u201d, \u201cSitio web\u201d), usted acepta las pol\u00edticas enumeradas en esta p\u00e1gina.\u00a0Nuestra Pol\u00edtica de privacidad, junto con nuestros T\u00e9rminos de uso, describen los factores que pueden afectar nuestro contenido editorial, la informaci\u00f3n personal que recopilamos a trav\u00e9s de nuestro Sitio, c\u00f3mo recopilamos esa informaci\u00f3n y qu\u00e9 partes, si las hay, tendr\u00e1n acceso a ella.<\/span><\/p>\n<p><span><span class=\"goog-text-highlight\">Al usar el Sitio, que es propiedad y est\u00e1 operado por Yeeti Tech (&#8220;Compa\u00f1\u00eda&#8221;, &#8220;nosotros&#8221; o &#8220;nuestro&#8221;), usted acepta expl\u00edcitamente, sin limitaci\u00f3n ni calificaci\u00f3n, nuestras pr\u00e1cticas relacionadas con la recopilaci\u00f3n, el uso y el intercambio. de la informaci\u00f3n personal proporcionada por usted en la forma descrita en esta p\u00e1gina de pol\u00edtica.\u00a0<\/span>Si no est\u00e1 de acuerdo con los t\u00e9rminos de esta p\u00e1gina de pol\u00edtica, no acceda, navegue ni utilice este sitio.<\/span><\/p>\n<p><span>Lo alentamos a que revise esta p\u00e1gina cada vez que use o acceda al Sitio para mantenerse informado.<\/span><\/p>\n<p><strong><span>DETALLES DE CONTACTO<\/span><\/strong><br \/>\n<span>Nombre completo de la entidad legal: Yeeti Tech Private Limited Company<\/span><\/p>\n<p><span>Yeeti Tech<\/span><br \/>\n<span>International Plaza #22-02<\/span><br \/>\n<span>Singapur 079903<\/span><\/p>\n<p><span>Direcci\u00f3n de correo electr\u00f3nico:\u00a0\u00a0<\/span><span>ads@yeeti.com<\/span><\/p>\n","protected":false},"excerpt":{"rendered":"<p>Vigencia:\u00a0\u00a022 DE FEBRERO DE 2022 ESTA P\u00c1GINA DESCRIBE NUESTRA\u00a0POL\u00cdTICA DE USO DEL SITIO WEB\u00a0.\u00a0POR FAVOR L\u00c9ALAS CUIDADOSAMENTE ANTES DE UTILIZAR ESTE SITIO. Al utilizar \u201c\u00a0Accumoli.com\u201d\u00a0\u00a0(en lo sucesivo, el \u201cSitio\u201d, \u201cSitio&hellip;<\/p>\n","protected":false},"author":1,"featured_media":0,"parent":0,"menu_order":0,"comment_status":"closed","ping_status":"closed","template":"","meta":{"footnotes":""},"class_list":["post-307","page","type-page","status-publish"],"_links":{"self":[{"href":"https:\/\/homerology.com\/es\/wp-json\/wp\/v2\/pages\/307","targetHints":{"allow":["GET"]}}],"collection":[{"href":"https:\/\/homerology.com\/es\/wp-json\/wp\/v2\/pages"}],"about":[{"href":"https:\/\/homerology.com\/es\/wp-json\/wp\/v2\/types\/page"}],"author":[{"embeddable":true,"href":"https:\/\/homerology.com\/es\/wp-json\/wp\/v2\/users\/1"}],"replies":[{"embeddable":true,"href":"https:\/\/homerology.com\/es\/wp-json\/wp\/v2\/comments?post=307"}],"version-history":[{"count":1,"href":"https:\/\/homerology.com\/es\/wp-json\/wp\/v2\/pages\/307\/revisions"}],"predecessor-version":[{"id":308,"href":"https:\/\/homerology.com\/es\/wp-json\/wp\/v2\/pages\/307\/revisions\/308"}],"wp:attachment":[{"href":"https:\/\/homerology.com\/es\/wp-json\/wp\/v2\/media?parent=307"}],"curies":[{"name":"wp","href":"https:\/\/api.w.org\/{rel}","templated":true}]}}