{"id":21,"date":"2022-02-02T11:03:46","date_gmt":"2022-02-02T11:03:46","guid":{"rendered":"https:\/\/homerology.com\/?page_id=21"},"modified":"2022-03-31T14:49:05","modified_gmt":"2022-03-31T14:49:05","slug":"about-us","status":"publish","type":"page","link":"https:\/\/homerology.com\/fr\/about-us\/","title":{"rendered":"\u00c0 Propos de Nous"},"content":{"rendered":"<p>Notre site est un site d\u2019information sp\u00e9cialis\u00e9 dans\u00a0<span lang=\"en\">la d\u00e9coration et les id\u00e9es de cuisine pour innover avec style dans votre maison.<\/span><\/p>\n<p>Il a \u00e9t\u00e9 conceptualis\u00e9 pour inspirer les personnes int\u00e9ress\u00e9es par des conseils pratiques et des id\u00e9es sur certaines des id\u00e9es et conceptions d\u2019am\u00e9lioration de la maison, de la chambre, de la cuisine et du jardin les plus innovantes, les derni\u00e8res tendances en mati\u00e8re de d\u00e9coration, de mobilier, d\u2019accessoires, ainsi que des conseils et des guides.<\/p>\n<p>Le blog propose des conseils classiques et des informations utiles sur les derni\u00e8res tendances en mati\u00e8re de<br \/>\n<em><strong>D\u00e9coration de la maison, de design d\u2019int\u00e9rieur, de r\u00e9novation de chambres et de cuisines.<\/strong><\/em><\/p>\n","protected":false},"excerpt":{"rendered":"<p>Notre site est un site d\u2019information sp\u00e9cialis\u00e9 dans\u00a0la d\u00e9coration et les id\u00e9es de cuisine pour innover avec style dans votre maison. Il a \u00e9t\u00e9 conceptualis\u00e9 pour inspirer les personnes int\u00e9ress\u00e9es&hellip;<\/p>\n","protected":false},"author":1,"featured_media":0,"parent":0,"menu_order":0,"comment_status":"closed","ping_status":"closed","template":"","meta":{"footnotes":""},"class_list":["post-21","page","type-page","status-publish"],"_links":{"self":[{"href":"https:\/\/homerology.com\/fr\/wp-json\/wp\/v2\/pages\/21","targetHints":{"allow":["GET"]}}],"collection":[{"href":"https:\/\/homerology.com\/fr\/wp-json\/wp\/v2\/pages"}],"about":[{"href":"https:\/\/homerology.com\/fr\/wp-json\/wp\/v2\/types\/page"}],"author":[{"embeddable":true,"href":"https:\/\/homerology.com\/fr\/wp-json\/wp\/v2\/users\/1"}],"replies":[{"embeddable":true,"href":"https:\/\/homerology.com\/fr\/wp-json\/wp\/v2\/comments?post=21"}],"version-history":[{"count":6,"href":"https:\/\/homerology.com\/fr\/wp-json\/wp\/v2\/pages\/21\/revisions"}],"predecessor-version":[{"id":370,"href":"https:\/\/homerology.com\/fr\/wp-json\/wp\/v2\/pages\/21\/revisions\/370"}],"wp:attachment":[{"href":"https:\/\/homerology.com\/fr\/wp-json\/wp\/v2\/media?parent=21"}],"curies":[{"name":"wp","href":"https:\/\/api.w.org\/{rel}","templated":true}]}}