{"id":24,"date":"2022-02-02T11:06:45","date_gmt":"2022-02-02T11:06:45","guid":{"rendered":"https:\/\/homerology.com\/?page_id=24"},"modified":"2022-02-24T17:39:45","modified_gmt":"2022-02-24T17:39:45","slug":"terms-of-use","status":"publish","type":"page","link":"https:\/\/homerology.com\/fr\/terms-of-use\/","title":{"rendered":"Conditions d\u2019Utilisation"},"content":{"rendered":"<h3><span>En vigueur : 22 F\u00c9VRIER 2022<\/span><\/h3>\n<p><strong><span>Droits de propri\u00e9t\u00e9 intellectuelle<\/span><\/strong><\/p>\n<p><span>Sauf indication contraire, tout le contenu \u00e9crit de ce site appartient \u00e0 Yeeti Tech et\/ou \u00e0 nos soci\u00e9t\u00e9s affili\u00e9es ou conc\u00e9dants de licence, et est prot\u00e9g\u00e9 par le droit d&#8217;auteur, les marques de commerce et d&#8217;autres lois sur la propri\u00e9t\u00e9 intellectuelle.\u00a0Le Site est fourni uniquement pour votre usage personnel et non commercial.\u00a0Vous ne pouvez pas utiliser le Site ou les \u00e9l\u00e9ments disponibles sur le Site d&#8217;une mani\u00e8re qui constitue une violation de nos droits ou qui n&#8217;a pas \u00e9t\u00e9 autoris\u00e9e par nous.\u00a0Plus pr\u00e9cis\u00e9ment, vous ne pouvez pas modifier, copier, reproduire, republier, t\u00e9l\u00e9charger, publier, traduire, vendre, cr\u00e9er des \u0153uvres d\u00e9riv\u00e9es, exploiter ou distribuer de quelque mani\u00e8re que ce soit (y compris par e-mail ou autre moyen \u00e9lectronique) tout mat\u00e9riel du Site sans autorisation pr\u00e9alable.\u00a0Vous pouvez cependant t\u00e9l\u00e9charger, imprimer et\/ou partager une copie des pages individuelles du Site \u00e0 des fins non commerciales,<\/span><\/p>\n<p><strong><span>Votre licence pour nous<\/span><\/strong><\/p>\n<p><span>En publiant ou en soumettant tout mat\u00e9riel (y compris, sans s&#8217;y limiter, des commentaires, des entr\u00e9es de blog, des publications sur Facebook, des photos et des vid\u00e9os) via le Site, des groupes Internet, des sites de m\u00e9dias sociaux ou \u00e0 l&#8217;un de nos employ\u00e9s par e-mail, SMS ou autre, vous d\u00e9clarez\u00a0: (i) que vous \u00eates le propri\u00e9taire du mat\u00e9riel, ou que vous publiez ou soumettez avec le consentement expr\u00e8s du propri\u00e9taire du mat\u00e9riel\u00a0;\u00a0et (ii) que vous avez treize ans ou plus.\u00a0De plus, lorsque vous soumettez, envoyez un e-mail, envoyez un SMS ou livrez ou publiez tout mat\u00e9riel, vous nous accordez, ainsi qu&#8217;\u00e0 toute personne autoris\u00e9e par nous, une licence libre de droits, perp\u00e9tuelle, irr\u00e9vocable, non exclusive, illimit\u00e9e et mondiale pour utiliser, copier, modifier, transmettre, vendre, exploiter, cr\u00e9er des \u0153uvres d\u00e9riv\u00e9es \u00e0 partir de, distribuer et\/ou ex\u00e9cuter ou afficher publiquement ce mat\u00e9riel, en tout ou en partie, de quelque mani\u00e8re ou sur quelque support que ce soit,\u00a0maintenant connu ou d\u00e9velopp\u00e9 par la suite, \u00e0 quelque fin que ce soit.\u00a0L&#8217;octroi qui pr\u00e9c\u00e8de comprendra le droit d&#8217;exploiter tous les droits de propri\u00e9t\u00e9 dans cette publication ou soumission, y compris, mais sans s&#8217;y limiter, les droits en vertu du droit d&#8217;auteur, des marques de commerce, des marques de service ou des lois sur les brevets dans toute juridiction comp\u00e9tente.\u00a0De plus, dans le cadre de l&#8217;exercice de ces droits, vous nous accordez, ainsi qu&#8217;\u00e0 toute personne autoris\u00e9e par nous, le droit de vous identifier en tant qu&#8217;auteur de l&#8217;une de vos publications ou soumissions par nom, adresse e-mail ou pseudonyme, comme nous le jugeons appropri\u00e9.<\/span><\/p>\n<p><strong><span>Limitations sur les liens et le cadrage<\/span><\/strong><\/p>\n<p><span>Vous pouvez \u00e9tablir un lien hypertexte vers le Site tant que le lien ne d\u00e9clare ou n&#8217;implique aucun parrainage de votre site par nous ou par le Site.\u00a0Cependant, vous ne pouvez pas, sans notre autorisation \u00e9crite pr\u00e9alable, encadrer ou lier en ligne tout contenu du site, ou incorporer dans un autre site Web ou autre service tout \u00e9l\u00e9ment, contenu ou propri\u00e9t\u00e9 intellectuelle de notre part.<\/span><\/p>\n<p><strong><span>Exactitude des informations<\/span><\/strong><\/p>\n<p><span>Bien que nous nous efforcions de nous assurer que toutes les informations sur le Site sont exactes, nous ne pouvons pas garantir que toutes les informations seront exactes et \u00e0 jour \u00e0 tout moment.\u00a0Le Site contient une grande quantit\u00e9 de donn\u00e9es, et des erreurs sont susceptibles de se produire dans le suivi des changements &#8211; par exemple, des changements de dates et d&#8217;heures d&#8217;\u00e9v\u00e9nements.<\/span><\/p>\n<p><span>Nous d\u00e9clinons donc toute responsabilit\u00e9 en cas d&#8217;erreur ou d&#8217;omission quant au contenu du Site.\u00a0Si vous trouvez des informations inexactes sur le Site, veuillez nous en informer \u00e0\u00a0\u00a0<\/span><span>ads@yeeti.com\u00a0<\/span><span>\u00a0et nous les corrigerons d\u00e8s que possible.<\/span><\/p>\n<p><span>Une partie de ce site contient des \u00e9l\u00e9ments soumis \u00e0 Yeeti Tech par des tiers.\u00a0Il est de la responsabilit\u00e9 de ces tiers de s&#8217;assurer que les documents soumis pour inclusion sur ce site sont conformes aux lois nationales et \u00e9trang\u00e8res pertinentes.<\/span><\/p>\n<p><span>Nous ne pouvons garantir l&#8217;exactitude ou la fiabilit\u00e9 de ce mat\u00e9riel et d\u00e9clinons par la pr\u00e9sente toute responsabilit\u00e9 en cas d&#8217;erreur, d&#8217;omission ou d&#8217;inexactitude dans le mat\u00e9riel ou pour toute mauvaise interpr\u00e9tation, perte, d\u00e9ception, n\u00e9gligence ou dommage caus\u00e9 par la confiance dans tout mat\u00e9riel contenu dans le site.<\/span><\/p>\n<p><span>Nous ne pouvons pas non plus accepter la responsabilit\u00e9 de tout \u00e9chec ou pr\u00e9tendu \u00e9chec dans la prestation des services mentionn\u00e9s dans les pr\u00e9sentes, ou en cas de faillite, liquidation ou cessation d&#8217;activit\u00e9 de toute soci\u00e9t\u00e9, individu ou entreprise mentionn\u00e9e dans les pr\u00e9sentes.\u00a0Il est conseill\u00e9 de se renseigner aupr\u00e8s de l&#8217;\u00e9tablissement concern\u00e9.<\/span><\/p>\n<p><span>Nous d\u00e9clinons toute responsabilit\u00e9 quant au contenu de tout Site vers lequel existerait un lien hypertexte \u00e0 partir de ce Site.\u00a0Ces liens sont fournis pour votre commodit\u00e9 \u00ab tels quels \u00bb.<\/span><\/p>\n<p><strong><span>AUCUNE GARANTIE QUANT AUX R\u00c9SULTATS<\/span><\/strong><\/p>\n<p><span>Comme indiqu\u00e9 plus en d\u00e9tail dans la clause de non-responsabilit\u00e9, vous acceptez que la soci\u00e9t\u00e9 n&#8217;ait fait aucune garantie quant aux r\u00e9sultats de toute action, qu&#8217;elle soit recommand\u00e9e ou non sur ce site Web.\u00a0La Soci\u00e9t\u00e9 fournit des ressources \u00e9ducatives et informatives destin\u00e9es \u00e0 aider les utilisateurs de ce site Web \u00e0 r\u00e9ussir.\u00a0Vous reconnaissez n\u00e9anmoins que votre succ\u00e8s ou votre \u00e9chec ultime sera le r\u00e9sultat de vos propres efforts, de votre situation particuli\u00e8re et d&#8217;innombrables autres circonstances ind\u00e9pendantes de la volont\u00e9 et\/ou de la connaissance de la Soci\u00e9t\u00e9.<\/span><\/p>\n<p><span>Vous reconnaissez \u00e9galement que les r\u00e9sultats ant\u00e9rieurs ne garantissent pas un r\u00e9sultat similaire.\u00a0Ainsi, les r\u00e9sultats obtenus par d&#8217;autres &#8211; qu&#8217;ils soient clients de la Soci\u00e9t\u00e9 ou non &#8211; appliquant les principes \u00e9nonc\u00e9s dans ce site Web ne garantissent pas que vous ou toute autre personne ou entit\u00e9 serez en mesure d&#8217;obtenir des r\u00e9sultats similaires.<\/span><\/p>\n<p><strong><span>Limitation de responsabilit\u00e9<\/span><\/strong><\/p>\n<p><span>EN AUCUN CAS, Y COMPRIS, MAIS SANS S&#8217;Y LIMITER, LA N\u00c9GLIGENCE, NOUS, NOS FILIALES ET SOCI\u00c9T\u00c9S M\u00c8RES OU AFFILI\u00c9S NE POURRONS \u00caTRE TENUS RESPONSABLES DES DOMMAGES DIRECTS, INDIRECTS, ACCESSOIRES, SP\u00c9CIAUX OU CONS\u00c9CUTIFS R\u00c9SULTANT DE L&#8217;UTILISATION OU DE L&#8217;INCAPACIT\u00c9 D&#8217;UTILISER, LE SITE, Y COMPRIS DANS NOS MESSAGES, BLOGS, COMMENTAIRES D&#8217;AUTRES, LIVRES, COURRIELS, PRODUITS OU SERVICES, OU MAT\u00c9RIAUX, PRODUITS OU SERVICES DE TIERS MIS \u00c0 DISPOSITION SUR LE SITE OU PAR NOUS DE QUELQUE MANI\u00c8RE QUE CE SOIT, M\u00caME SI NOUS EN SOMMES AVIS\u00c9S A L&#8217;AVANT DE LA POSSIBILITE DE TELS DOMMAGES.\u00a0(PARCE QUE CERTAINS \u00c9TATS N&#8217;AUTORISENT PAS L&#8217;EXCLUSION OU LA LIMITATION DE CERTAINES CAT\u00c9GORIES DE DOMMAGES, LA LIMITATION CI-DESSUS PEUT NE PAS S&#8217;APPLIQUER \u00c0 VOUS. DANS CES \u00c9TATS, NOTRE RESPONSABILIT\u00c9 ET LA RESPONSABILIT\u00c9 DE NOS FILIALES ET SOCI\u00c9T\u00c9S M\u00c8RES OU AFFILI\u00c9ES EST LIMIT\u00c9E DANS TOUTE LA MESURE AUTORIS\u00c9E PAR CETTE LOI D&#8217;\u00c9TAT.\u00a0) VOUS RECONNAISSEZ ET ACCEPTEZ SP\u00c9CIFIQUEMENT QUE NOUS NE SOMMES PAS RESPONSABLES DE TOUTE CONDUITE DIFFAMATOIRE, OFFENSANTE OU ILL\u00c9GALE DE TOUT UTILISATEUR.\u00a0SI VOUS N&#8217;\u00caTES PAS SATISFAIT DU SITE, DE TOUT MAT\u00c9RIEL, PRODUIT OU SERVICE SUR LE SITE, OU DE L&#8217;UNE DES CONDITIONS G\u00c9N\u00c9RALES DU SITE, VOTRE SEUL ET UNIQUE RECOURS EST DE CESSER D&#8217;UTILISER LE SITE ET LES PRODUITS, SERVICES ET\/OU MAT\u00c9RIAUX.<\/span><\/p>\n<p><strong><span>R\u00e9siliation et restriction d&#8217;acc\u00e8s<\/span><\/strong><\/p>\n<p><span>La Soci\u00e9t\u00e9 se r\u00e9serve le droit, \u00e0 sa seule discr\u00e9tion, de r\u00e9silier votre acc\u00e8s au site Web et aux services connexes ou \u00e0 toute partie de ceux-ci \u00e0 tout moment, sans pr\u00e9avis.\u00a0Dans la mesure maximale permise par la loi, et vous consentez par la pr\u00e9sente \u00e0 r\u00e9soudre tout litige d\u00e9coulant de ou li\u00e9 \u00e0 ce site Web ou aux conditions d&#8217;utilisation conform\u00e9ment \u00e0 la clause d&#8217;arbitrage ci-dessus.\u00a0L&#8217;utilisation du site Web n&#8217;est pas autoris\u00e9e dans toute juridiction qui ne donne pas effet \u00e0 toutes les dispositions des pr\u00e9sentes conditions, y compris, sans s&#8217;y limiter, cette section.<\/span><\/p>\n<p><strong><span>Avis DMCA<\/span><\/strong><\/p>\n<p><span><span class=\"goog-text-highlight\">Le site cr\u00e9e tout le contenu et recherche \u00e9galement des images via Creative Commons ou ach\u00e8te des licences d&#8217;image ou obtient la permission de l&#8217;artiste d&#8217;utiliser son travail.\u00a0<\/span>J&#8217;ai le plus profond respect pour les droits des autres dans leur travail.<\/span><\/p>\n<p><span>Si vous pensez que vos droits d&#8217;auteur ont \u00e9t\u00e9 viol\u00e9s, veuillez nous envoyer un avis de retrait DMCA et nous nous ferons un plaisir de le supprimer.\u00a0Vous pouvez envoyer l&#8217;avis \u00e0\u00a0\u00a0<\/span><span>ads@yeeti.com\u00a0<\/span><span>\u00a0ou Yeeti Tech International Plaza #22-02<\/span><br \/>\n<span>Singapore 079903<\/span><\/p>\n<p><strong><span>Droit applicable<\/span><\/strong><\/p>\n<p><span>Ces Conditions doivent \u00eatre interpr\u00e9t\u00e9es conform\u00e9ment et r\u00e9gies par les lois de Singapour, sans r\u00e9f\u00e9rence \u00e0 leurs r\u00e8gles concernant les conflits de lois.\u00a0Par la pr\u00e9sente, vous consentez irr\u00e9vocablement \u00e0 la juridiction exclusive.<\/span><\/p>\n","protected":false},"excerpt":{"rendered":"<p>En vigueur : 22 F\u00c9VRIER 2022 Droits de propri\u00e9t\u00e9 intellectuelle Sauf indication contraire, tout le contenu \u00e9crit de ce site appartient \u00e0 Yeeti Tech et\/ou \u00e0 nos soci\u00e9t\u00e9s affili\u00e9es ou&hellip;<\/p>\n","protected":false},"author":1,"featured_media":0,"parent":0,"menu_order":0,"comment_status":"closed","ping_status":"closed","template":"","meta":{"footnotes":""},"class_list":["post-24","page","type-page","status-publish"],"_links":{"self":[{"href":"https:\/\/homerology.com\/fr\/wp-json\/wp\/v2\/pages\/24","targetHints":{"allow":["GET"]}}],"collection":[{"href":"https:\/\/homerology.com\/fr\/wp-json\/wp\/v2\/pages"}],"about":[{"href":"https:\/\/homerology.com\/fr\/wp-json\/wp\/v2\/types\/page"}],"author":[{"embeddable":true,"href":"https:\/\/homerology.com\/fr\/wp-json\/wp\/v2\/users\/1"}],"replies":[{"embeddable":true,"href":"https:\/\/homerology.com\/fr\/wp-json\/wp\/v2\/comments?post=24"}],"version-history":[{"count":2,"href":"https:\/\/homerology.com\/fr\/wp-json\/wp\/v2\/pages\/24\/revisions"}],"predecessor-version":[{"id":319,"href":"https:\/\/homerology.com\/fr\/wp-json\/wp\/v2\/pages\/24\/revisions\/319"}],"wp:attachment":[{"href":"https:\/\/homerology.com\/fr\/wp-json\/wp\/v2\/media?parent=24"}],"curies":[{"name":"wp","href":"https:\/\/api.w.org\/{rel}","templated":true}]}}