{"id":26,"date":"2022-02-02T11:07:44","date_gmt":"2022-02-02T11:07:44","guid":{"rendered":"https:\/\/homerology.com\/?page_id=26"},"modified":"2022-02-24T17:44:39","modified_gmt":"2022-02-24T17:44:39","slug":"cookies-policy","status":"publish","type":"page","link":"https:\/\/homerology.com\/fr\/cookies-policy\/","title":{"rendered":"Politique de Cookies"},"content":{"rendered":"<div class=\"page-header\">\n<div class=\"page-title post-title is-size-1\">\n<h3 class=\"entry-title\"><span><span class=\"\">En vigueur : 22 f\u00e9vrier 2022<\/span><\/span><\/h3>\n<p><span>Un cookie est un fichier contenant un identifiant (une cha\u00eene de lettres et de chiffres) qui est envoy\u00e9 par un serveur Web \u00e0 un navigateur Web et qui est stock\u00e9 par le navigateur.\u00a0L&#8217;identifiant est ensuite renvoy\u00e9 au serveur \u00e0 chaque fois que le navigateur demande une page au serveur.\u00a0Les cookies peuvent \u00eatre soit des cookies \u00ab persistants \u00bb, soit des cookies de \u00ab session \u00bb : un cookie persistant sera stock\u00e9 par un navigateur Web et restera valide jusqu&#8217;\u00e0 sa date d&#8217;expiration d\u00e9finie, sauf s&#8217;il est supprim\u00e9 par l&#8217;utilisateur avant la date d&#8217;expiration ;\u00a0un cookie de session, en revanche, expirera \u00e0 la fin de la session de l&#8217;utilisateur, lorsque le navigateur Web est ferm\u00e9.\u00a0Les cookies ne contiennent g\u00e9n\u00e9ralement aucune information permettant d&#8217;identifier personnellement un utilisateur, mais les informations personnelles que nous stockons \u00e0 votre sujet peuvent \u00eatre li\u00e9es aux informations stock\u00e9es et obtenues \u00e0 partir des cookies.<\/span><\/p>\n<p>&nbsp;<\/p>\n<p><strong><span>NOTRE UTILISATION DES COOKIES<\/span><\/strong><\/p>\n<p><span>Nous utilisons des cookies aux fins suivantes :<\/span><\/p>\n<p><span>(a) authentification \u2013 nous utilisons des cookies pour vous identifier lorsque vous visitez notre site Web et lorsque vous naviguez sur notre site Web ;<\/span><\/p>\n<p><span>(b) statut \u2013 nous utilisons des cookies pour nous aider \u00e0 d\u00e9terminer si vous \u00eates connect\u00e9 \u00e0 notre site Web ;<\/span><\/p>\n<p><span>(c) personnalisation \u2013 nous utilisons des cookies pour stocker des informations sur vos pr\u00e9f\u00e9rences et pour personnaliser le site Web pour vous ;<\/span><\/p>\n<p><span>(d) s\u00e9curit\u00e9 &#8211; nous utilisons les cookies comme \u00e9l\u00e9ment des mesures de s\u00e9curit\u00e9 utilis\u00e9es pour prot\u00e9ger les comptes d&#8217;utilisateurs, y compris la pr\u00e9vention de l&#8217;utilisation frauduleuse des identifiants de connexion, et pour prot\u00e9ger notre site Web et nos services en g\u00e9n\u00e9ral.<\/span><\/p>\n<p><span>(e) publicit\u00e9 \u2013 nous utilisons des cookies pour nous aider \u00e0 afficher des publicit\u00e9s qui vous int\u00e9ressent ;\u00a0et<\/span><\/p>\n<p><span>(f) analyse \u2013 nous utilisons des cookies pour nous aider \u00e0 analyser l&#8217;utilisation et les performances de notre site Web et de nos services ;<\/span><\/p>\n<p><span>Nous utilisons Google Analytics pour analyser l&#8217;utilisation de notre site Web.\u00a0Google Analytics recueille des informations sur l&#8217;utilisation du site Web au moyen de cookies.\u00a0Les informations recueillies concernant notre site Web sont utilis\u00e9es pour cr\u00e9er des rapports sur l&#8217;utilisation de notre site Web.\u00a0La politique de confidentialit\u00e9 de Google est disponible sur :\u00a0\u00a0<\/span><a href=\"https:\/\/translate.google.com\/website?sl=en&amp;tl=fr&amp;hl=en&amp;client=webapp&amp;u=https:\/\/www.google.com\/policies\/privacy\/\"><strong><span>https:\/\/www.google.com\/policies\/privacy\/<\/span><\/strong><\/a><\/p>\n<p><span>La plupart des navigateurs vous permettent de refuser d&#8217;accepter les cookies et de supprimer les cookies.<\/span><\/p>\n<p><span>Veuillez noter que le blocage des cookies peut avoir un impact n\u00e9gatif sur les fonctions de nombreux sites Web, y compris notre Site.\u00a0Certaines fonctionnalit\u00e9s du site peuvent cesser d&#8217;\u00eatre disponibles pour vous.<\/span><\/p>\n<p><span>Certaines des donn\u00e9es collect\u00e9es peuvent \u00eatre des donn\u00e9es anonymes, qui sont combin\u00e9es de mani\u00e8re agr\u00e9g\u00e9e et ne vous identifient pas en tant qu&#8217;individu.<\/span><\/p>\n<p><strong><span>Cookies pour la publicit\u00e9 sur Internet<\/span><\/strong><\/p>\n<p><span>Comme d&#8217;autres r\u00e9seaux publicitaires en ligne, nous utilisons des cookies, des balises Web (\u00e9galement appel\u00e9es balises d&#8217;action ou gifs \u00e0 pixel unique) et d&#8217;autres technologies (collectivement, les \u00ab cookies \u00bb).\u00a0Les cookies nous permettent de savoir quelles publicit\u00e9s vous voyez, sur quelles publicit\u00e9s vous cliquez et d&#8217;autres actions que vous effectuez sur nos sites et d&#8217;autres sites.\u00a0Cela nous permet de vous fournir des publicit\u00e9s plus utiles et pertinentes.\u00a0Par exemple, si nous savons quelles publicit\u00e9s vous sont pr\u00e9sent\u00e9es, nous pouvons faire attention \u00e0 ne pas vous montrer les m\u00eames \u00e0 plusieurs reprises.<\/span><\/p>\n<p><span>Nous n&#8217;associons pas votre interaction avec des sites non affili\u00e9s \u00e0 votre identit\u00e9 en vous fournissant des publicit\u00e9s bas\u00e9es sur vos centres d&#8217;int\u00e9r\u00eat.<\/span><\/p>\n<p><span>Nous ne fournissons aucune information personnelle aux annonceurs ou aux sites tiers qui affichent nos publicit\u00e9s cibl\u00e9es par centres d&#8217;int\u00e9r\u00eat.\u00a0Cependant, les annonceurs et autres tiers (y compris les r\u00e9seaux publicitaires, les soci\u00e9t\u00e9s de diffusion d&#8217;annonces et d&#8217;autres fournisseurs de services qu&#8217;ils peuvent utiliser) peuvent supposer que les utilisateurs qui interagissent avec ou cliquent sur une annonce ou un contenu personnalis\u00e9 font partie du groupe auquel l&#8217;annonce ou le contenu est dirig\u00e9 vers (par exemple, les utilisateurs dans une zone g\u00e9ographique particuli\u00e8re ou les utilisateurs qui ont achet\u00e9 ou recherch\u00e9 de la musique classique).\u00a0En outre, certains tiers peuvent nous fournir des informations vous concernant (telles que des informations d\u00e9mographiques ou des sites sur lesquels des publicit\u00e9s vous ont \u00e9t\u00e9 pr\u00e9sent\u00e9es) \u00e0 partir de sources hors ligne et en ligne que nous pouvons utiliser pour vous fournir des publicit\u00e9s plus pertinentes et utiles.<\/span><\/p>\n<p><span>Des annonceurs tiers ou des soci\u00e9t\u00e9s de publicit\u00e9 travaillant pour leur compte utilisent parfois la technologie pour diffuser les publicit\u00e9s qui apparaissent sur nos sites directement sur votre navigateur.\u00a0Ils re\u00e7oivent automatiquement votre adresse IP lorsque cela se produit.\u00a0Ils peuvent \u00e9galement utiliser des cookies pour mesurer l&#8217;efficacit\u00e9 de leurs publicit\u00e9s et personnaliser le contenu publicitaire.\u00a0Nous n&#8217;avons pas acc\u00e8s ni contr\u00f4le sur les cookies ou autres fonctionnalit\u00e9s que les annonceurs et les sites tiers peuvent utiliser, et les pratiques d&#8217;information de ces annonceurs et sites tiers ne sont pas couvertes par notre Avis de confidentialit\u00e9 ou cette page Cookies et publicit\u00e9 sur Internet.\u00a0Veuillez les contacter directement pour plus d&#8217;informations sur leurs pratiques en mati\u00e8re de confidentialit\u00e9.<\/span><\/p>\n<p><strong><span>Cookies pour Google Adsense<\/span><\/strong><\/p>\n<p><span>Nous nous r\u00e9servons \u00e9galement le droit de publier des publicit\u00e9s Google Adsense bas\u00e9es sur les centres d&#8217;int\u00e9r\u00eat sur ce site Web.\u00a0Ceux-ci sont adapt\u00e9s par Google pour refl\u00e9ter vos int\u00e9r\u00eats.\u00a0Pour d\u00e9terminer vos centres d&#8217;int\u00e9r\u00eat, Google suivra votre comportement sur le Web \u00e0 l&#8217;aide de cookies.\u00a0Vous pouvez afficher, supprimer ou ajouter des cat\u00e9gories de centres d&#8217;int\u00e9r\u00eat associ\u00e9es \u00e0 votre navigateur \u00e0 l&#8217;aide du gestionnaire de pr\u00e9f\u00e9rences pour les annonces de Google, disponible \u00e0 l&#8217;adresse\u00a0: http:\/\/www.google.com\/ads\/preferences\/.\u00a0Vous pouvez \u00e9galement d\u00e9sactiver le cookie du r\u00e9seau partenaire Adsense \u00e0 l&#8217;adresse\u00a0: http:\/\/www.google.com\/privacy_ads.html.\u00a0Cependant, ce m\u00e9canisme de d\u00e9sactivation utilise un cookie, et si vous effacez les cookies de votre navigateur, votre d\u00e9sactivation ne sera pas maintenue.\u00a0Pour vous assurer qu&#8217;une d\u00e9sactivation est maintenue pour un navigateur particulier, vous devez utiliser le plug-in de navigateur Google disponible \u00e0 l&#8217;adresse\u00a0: http:\/\/www.google.com\/ads\/preferences\/plugin.<\/span><\/p>\n<p><strong><span>Autres cookies tiers<\/span><\/strong><\/p>\n<p><span>Lorsque vous utilisez ce site Web, vous pouvez \u00e9galement recevoir d&#8217;autres cookies tiers, qui peuvent \u00eatre utilis\u00e9s aux fins suivantes :<\/span><\/p>\n<p><span>l bas\u00e9 sur les performances<\/span><br \/>\n<span>l g\u00e9olocalisation et appareil utilis\u00e9<\/span><br \/>\n<span>l navigateur et pr\u00e9f\u00e9rences linguistiques<\/span><\/p>\n<p><strong><span>Refuser les cookies<\/span><\/strong><\/p>\n<p><span>La plupart des navigateurs vous permettent de refuser d&#8217;accepter les cookies.<\/span><\/p>\n<p><span>Dans Internet Explorer, vous pouvez refuser tous les cookies en cliquant sur \u00ab\u00a0Outils\u00a0\u00bb, \u00ab\u00a0Options Internet\u00a0\u00bb, \u00ab\u00a0Confidentialit\u00e9\u00a0\u00bb et en s\u00e9lectionnant \u00ab\u00a0Bloquer tous les cookies\u00a0\u00bb \u00e0 l&#8217;aide du s\u00e9lecteur coulissant.<\/span><\/p>\n<p><span>Dans Firefox, vous pouvez ajuster vos param\u00e8tres de cookies en cliquant sur \u00ab\u00a0Outils\u00a0\u00bb, \u00ab\u00a0Options\u00a0\u00bb et \u00ab\u00a0Confidentialit\u00e9\u00a0\u00bb.<\/span><\/p>\n<p><span>Le blocage des cookies aura un impact n\u00e9gatif sur la convivialit\u00e9 de certains sites Web.<\/span><\/p>\n<p>&nbsp;<\/p>\n<p><span>Vos choix sur ce site seront appliqu\u00e9s uniquement pour ce site.\u00a0<span class=\"goog-text-highlight\">Vous pouvez modifier vos param\u00e8tres \u00e0 tout moment, y compris les \u00e9tapes disponibles pour retirer votre consentement, en vous rendant sur la\u00a0 page\u00a0<\/span><\/span><a href=\"https:\/\/homerology.com\/fr\/privacy-policy\/\"><u><span><span class=\"goog-text-highlight\">Politique de confidentialit\u00e9<\/span><\/span><\/u><\/a><span><span class=\"goog-text-highlight\">\u00a0de ce site.<\/span><\/span><\/p>\n<\/div>\n<\/div>\n","protected":false},"excerpt":{"rendered":"<p>En vigueur : 22 f\u00e9vrier 2022 Un cookie est un fichier contenant un identifiant (une cha\u00eene de lettres et de chiffres) qui est envoy\u00e9 par un serveur Web \u00e0 un&hellip;<\/p>\n","protected":false},"author":1,"featured_media":0,"parent":0,"menu_order":0,"comment_status":"closed","ping_status":"closed","template":"","meta":{"footnotes":""},"class_list":["post-26","page","type-page","status-publish"],"_links":{"self":[{"href":"https:\/\/homerology.com\/fr\/wp-json\/wp\/v2\/pages\/26","targetHints":{"allow":["GET"]}}],"collection":[{"href":"https:\/\/homerology.com\/fr\/wp-json\/wp\/v2\/pages"}],"about":[{"href":"https:\/\/homerology.com\/fr\/wp-json\/wp\/v2\/types\/page"}],"author":[{"embeddable":true,"href":"https:\/\/homerology.com\/fr\/wp-json\/wp\/v2\/users\/1"}],"replies":[{"embeddable":true,"href":"https:\/\/homerology.com\/fr\/wp-json\/wp\/v2\/comments?post=26"}],"version-history":[{"count":4,"href":"https:\/\/homerology.com\/fr\/wp-json\/wp\/v2\/pages\/26\/revisions"}],"predecessor-version":[{"id":325,"href":"https:\/\/homerology.com\/fr\/wp-json\/wp\/v2\/pages\/26\/revisions\/325"}],"wp:attachment":[{"href":"https:\/\/homerology.com\/fr\/wp-json\/wp\/v2\/media?parent=26"}],"curies":[{"name":"wp","href":"https:\/\/api.w.org\/{rel}","templated":true}]}}