{"id":28,"date":"2022-02-02T11:09:02","date_gmt":"2022-02-02T11:09:02","guid":{"rendered":"https:\/\/homerology.com\/?page_id=28"},"modified":"2022-02-24T17:41:31","modified_gmt":"2022-02-24T17:41:31","slug":"disclaimer-disclosure-policy","status":"publish","type":"page","link":"https:\/\/homerology.com\/fr\/disclaimer-disclosure-policy\/","title":{"rendered":"Clause de non-responsabilit\u00e9 et politique de divulgation"},"content":{"rendered":"<header>\n<div class=\"page-header\">\n<div class=\"page-title post-title is-size-1\">\n<h3 class=\"entry-title\"><span>En vigueur : 22 f\u00e9vrier 2022<\/span><\/h3>\n<p><span>Accumoli.com fait partie du r\u00e9seau de blogs g\u00e9r\u00e9 par Yeeti Tech.\u00a0Ce blog accepte les formes de publicit\u00e9 en esp\u00e8ces, de parrainage, d&#8217;insertions r\u00e9mun\u00e9r\u00e9es ou d&#8217;autres formes de r\u00e9mun\u00e9ration.\u00a0La compensation re\u00e7ue n&#8217;influencera jamais le contenu, les sujets ou les messages publi\u00e9s sur ce blog.\u00a0Toutes les publicit\u00e9s se pr\u00e9sentent sous la forme de publicit\u00e9s g\u00e9n\u00e9r\u00e9es par des r\u00e9seaux publicitaires tiers avec lesquels nous nous sommes associ\u00e9s.\u00a0Ces publicit\u00e9s seront identifi\u00e9es comme des publicit\u00e9s payantes.<\/span><\/p>\n<p><span>Veuillez noter qu&#8217;Accumoli.com entretient des relations de marketing et de publicit\u00e9 avec certains des marchands mentionn\u00e9s dans notre blog.\u00a0Nous pouvons \u00eatre indemnis\u00e9s si les consommateurs choisissent d&#8217;utiliser les liens situ\u00e9s dans le contenu de ce site et g\u00e9n\u00e8rent des ventes pour ledit marchand.<\/span><\/p>\n<p><span>De temps \u00e0 autre, nous sommes \u00e9galement r\u00e9mun\u00e9r\u00e9s pour donner notre avis sur des produits, des services, des sites Web et divers autres sujets.\u00a0M\u00eame si nous pouvons recevoir une compensation pour certains messages ou publicit\u00e9s, nous donnons toujours nos opinions, conclusions, croyances ou exp\u00e9riences honn\u00eates sur ces sujets ou produits.\u00a0Les points de vue et opinions exprim\u00e9s sur ce blog n&#8217;engagent que les blogueurs.\u00a0Toute r\u00e9clamation de produit, statistique, devis ou autre repr\u00e9sentation concernant un produit ou un service doit \u00eatre v\u00e9rifi\u00e9e aupr\u00e8s du fabricant, du fournisseur ou de la partie en question.<\/span><\/p>\n<p><span>Nous pouvons \u00e9galement nous inscrire en tant qu&#8217;affili\u00e9 sur diff\u00e9rents sites d&#8217;affiliation comme le programme Amazon Services LLC Associates.\u00a0Il s&#8217;agit d&#8217;un programme de publicit\u00e9 d&#8217;affiliation con\u00e7u pour nous fournir un moyen de gagner des frais en nous connectant \u00e0 Amazon.com et \u00e0 d&#8217;autres sites affili\u00e9s.\u00a0Nous pouvons \u00e9galement travailler en tant qu&#8217;affili\u00e9s \u00e0 l&#8217;Institute for Integrative Nutrition ou \u00e0 d&#8217;autres r\u00e9seaux de programmes d&#8217;affiliation de sant\u00e9 et de bien-\u00eatre.\u00a0Les opinions sur ce blog ne sont pas destin\u00e9es \u00e0 agir comme des conseils m\u00e9dicaux ou professionnels de la sant\u00e9.\u00a0Vous devriez toujours consulter un professionnel de la sant\u00e9 avant de prendre des d\u00e9cisions m\u00e9dicales ou de sant\u00e9 sp\u00e9cifiques. Ce blog ne contient aucun contenu susceptible de pr\u00e9senter un conflit d&#8217;int\u00e9r\u00eats.<\/span><\/p>\n<p><strong><span>S\u00e9curit\u00e9<\/span><\/strong><\/p>\n<p><span>Nous nous engageons \u00e0 assurer la s\u00e9curit\u00e9 de vos informations.\u00a0Afin d&#8217;emp\u00eacher tout acc\u00e8s ou divulgation non autoris\u00e9s, nous avons mis en place des proc\u00e9dures physiques, \u00e9lectroniques et de gestion appropri\u00e9es pour sauvegarder et s\u00e9curiser les informations que nous collectons en ligne.<\/span><\/p>\n<p><span>Si vous avez des questions concernant cette clause de non-responsabilit\u00e9, vous pouvez envoyer un e-mail\u00a0<\/span><span>\u00e0 ads@yeeti.com<\/span><\/p>\n<\/div>\n<\/div>\n<\/header>\n","protected":false},"excerpt":{"rendered":"<p>En vigueur : 22 f\u00e9vrier 2022 Accumoli.com fait partie du r\u00e9seau de blogs g\u00e9r\u00e9 par Yeeti Tech.\u00a0Ce blog accepte les formes de publicit\u00e9 en esp\u00e8ces, de parrainage, d&#8217;insertions r\u00e9mun\u00e9r\u00e9es ou&hellip;<\/p>\n","protected":false},"author":1,"featured_media":0,"parent":0,"menu_order":0,"comment_status":"closed","ping_status":"closed","template":"","meta":{"footnotes":""},"class_list":["post-28","page","type-page","status-publish"],"_links":{"self":[{"href":"https:\/\/homerology.com\/fr\/wp-json\/wp\/v2\/pages\/28","targetHints":{"allow":["GET"]}}],"collection":[{"href":"https:\/\/homerology.com\/fr\/wp-json\/wp\/v2\/pages"}],"about":[{"href":"https:\/\/homerology.com\/fr\/wp-json\/wp\/v2\/types\/page"}],"author":[{"embeddable":true,"href":"https:\/\/homerology.com\/fr\/wp-json\/wp\/v2\/users\/1"}],"replies":[{"embeddable":true,"href":"https:\/\/homerology.com\/fr\/wp-json\/wp\/v2\/comments?post=28"}],"version-history":[{"count":3,"href":"https:\/\/homerology.com\/fr\/wp-json\/wp\/v2\/pages\/28\/revisions"}],"predecessor-version":[{"id":321,"href":"https:\/\/homerology.com\/fr\/wp-json\/wp\/v2\/pages\/28\/revisions\/321"}],"wp:attachment":[{"href":"https:\/\/homerology.com\/fr\/wp-json\/wp\/v2\/media?parent=28"}],"curies":[{"name":"wp","href":"https:\/\/api.w.org\/{rel}","templated":true}]}}