{"id":322,"date":"2022-02-24T17:43:00","date_gmt":"2022-02-24T17:43:00","guid":{"rendered":"https:\/\/homerology.com\/fr\/?page_id=322"},"modified":"2022-02-24T17:43:32","modified_gmt":"2022-02-24T17:43:32","slug":"website-usage-policy","status":"publish","type":"page","link":"https:\/\/homerology.com\/fr\/website-usage-policy\/","title":{"rendered":"Politique d&#8217;utilisation du site Web"},"content":{"rendered":"<p><strong>CETTE PAGE D\u00c9CRIT NOTRE\u00a0<u>POLITIQUE D&#8217;UTILISATION DU SITE WEB<\/u>\u00a0.\u00a0VEUILLEZ LES LIRE ATTENTIVEMENT AVANT D&#8217;UTILISER CE SITE.<\/strong><\/p>\n<p>En utilisant \u00ab\u00a0<strong>Accumoli.com \u00bb<\/strong>\u00a0\u00a0(ci-apr\u00e8s d\u00e9nomm\u00e9 le \u00ab Site \u00bb, \u00ab Site Web \u00bb), vous consentez aux politiques \u00e9num\u00e9r\u00e9es sur cette page.\u00a0Notre politique de confidentialit\u00e9, ainsi que nos conditions d&#8217;utilisation, d\u00e9crivent les facteurs susceptibles d&#8217;affecter notre contenu \u00e9ditorial, les informations personnelles que nous collectons via notre site, la mani\u00e8re dont nous collectons ces informations et les parties, le cas \u00e9ch\u00e9ant, qui y auront acc\u00e8s.<\/p>\n<p><span class=\"goog-text-highlight\">En utilisant le Site, qui est d\u00e9tenu et exploit\u00e9 par Yeeti Tech (&#8220;Soci\u00e9t\u00e9&#8221;, &#8220;nous&#8221;, &#8220;nous&#8221; ou &#8220;notre&#8221;), vous acceptez explicitement, sans limitation ni qualification, nos pratiques concernant la collecte, l&#8217;utilisation et le partage des informations personnelles fournies par vous de la mani\u00e8re d\u00e9crite sur cette page de politique.\u00a0<\/span>Si vous n&#8217;\u00eates pas d&#8217;accord avec les termes de cette page de politique, veuillez ne pas acc\u00e9der, parcourir ou utiliser ce site.<\/p>\n<p>Nous vous encourageons \u00e0 consulter cette page chaque fois que vous utilisez ou acc\u00e9dez au site pour rester inform\u00e9.<\/p>\n<p><strong>COORDONN\u00c9ES<\/strong><br \/>\nNom complet de la personne morale\u00a0: Yeeti Tech Private Limited Company<\/p>\n<p>Yeeti Tech<br \/>\nInternational Plaza #22-02<br \/>\nSingapour 079903<\/p>\n<p>Adresse e-mail\u00a0:\u00a0\u00a0ads@yeeti.com<\/p>\n","protected":false},"excerpt":{"rendered":"<p>CETTE PAGE D\u00c9CRIT NOTRE\u00a0POLITIQUE D&#8217;UTILISATION DU SITE WEB\u00a0.\u00a0VEUILLEZ LES LIRE ATTENTIVEMENT AVANT D&#8217;UTILISER CE SITE. En utilisant \u00ab\u00a0Accumoli.com \u00bb\u00a0\u00a0(ci-apr\u00e8s d\u00e9nomm\u00e9 le \u00ab Site \u00bb, \u00ab Site Web \u00bb), vous consentez&hellip;<\/p>\n","protected":false},"author":1,"featured_media":0,"parent":0,"menu_order":0,"comment_status":"closed","ping_status":"closed","template":"","meta":{"footnotes":""},"class_list":["post-322","page","type-page","status-publish"],"_links":{"self":[{"href":"https:\/\/homerology.com\/fr\/wp-json\/wp\/v2\/pages\/322","targetHints":{"allow":["GET"]}}],"collection":[{"href":"https:\/\/homerology.com\/fr\/wp-json\/wp\/v2\/pages"}],"about":[{"href":"https:\/\/homerology.com\/fr\/wp-json\/wp\/v2\/types\/page"}],"author":[{"embeddable":true,"href":"https:\/\/homerology.com\/fr\/wp-json\/wp\/v2\/users\/1"}],"replies":[{"embeddable":true,"href":"https:\/\/homerology.com\/fr\/wp-json\/wp\/v2\/comments?post=322"}],"version-history":[{"count":2,"href":"https:\/\/homerology.com\/fr\/wp-json\/wp\/v2\/pages\/322\/revisions"}],"predecessor-version":[{"id":324,"href":"https:\/\/homerology.com\/fr\/wp-json\/wp\/v2\/pages\/322\/revisions\/324"}],"wp:attachment":[{"href":"https:\/\/homerology.com\/fr\/wp-json\/wp\/v2\/media?parent=322"}],"curies":[{"name":"wp","href":"https:\/\/api.w.org\/{rel}","templated":true}]}}