{"id":24,"date":"2022-02-02T11:06:45","date_gmt":"2022-02-02T11:06:45","guid":{"rendered":"https:\/\/homerology.com\/?page_id=24"},"modified":"2023-12-20T12:52:05","modified_gmt":"2023-12-20T12:52:05","slug":"terms-of-use","status":"publish","type":"page","link":"https:\/\/homerology.com\/it\/terms-of-use\/","title":{"rendered":"Termini di utilizzo"},"content":{"rendered":"<h3 id=\"in-vigore-22-febbraio-2022\"><span id=\"in-vigore-22-febbraio-2023\"><span class=\"\">In vigore: 22 FEBBRAIO 2023<\/span><\/span><\/h3>\n<p><strong>Diritti di propriet\u00e0 intellettuale<\/strong><\/p>\n<p>Salvo diversa indicazione, tutti i contenuti scritti su questo sito sono di propriet\u00e0 di Real Time Bidding e\/o dei nostri affiliati o licenziatari e sono protetti da copyright, marchi e altre leggi sulla propriet\u00e0 intellettuale. Il Sito \u00e8 fornito esclusivamente per uso personale e non commerciale. L\u2019utente non pu\u00f2 utilizzare il Sito o i materiali disponibili sul Sito in un modo che costituisce una violazione dei nostri diritti o che non \u00e8 stato da noi autorizzato. In particolare, non \u00e8 consentito modificare, copiare, riprodurre, ripubblicare, caricare, pubblicare, tradurre, vendere, creare opere derivate, sfruttare o distribuire in qualsiasi modo o mezzo (incluso tramite e-mail o altri mezzi elettronici) qualsiasi materiale dal Sito senza previa autorizzazione. \u00c8 tuttavia possibile scaricare, stampare e\/o condividere una copia di singole pagine del Sito per uso non commerciale,<\/p>\n<p><strong>La tua licenza per noi<\/strong><\/p>\n<p>Pubblicando o inviando qualsiasi materiale (inclusi, a titolo esemplificativo, commenti, post di blog, post di Facebook, foto e video) a noi tramite il Sito, gruppi Internet, sedi di social media o a qualsiasi membro del nostro personale tramite e-mail, SMS o altro, stai dichiarando: (i) di essere il proprietario del materiale, o stai pubblicando o inviando con l\u2019espresso consenso del proprietario del materiale;\u00a0e (ii) che hai tredici anni o pi\u00f9.\u00a0Inoltre, quando invii, invia un\u2019e-mail, invia un SMS o consegni o pubblichi qualsiasi materiale, stai concedendo a noi e a chiunque sia autorizzato da noi una licenza royalty-free, perpetua, irrevocabile, non esclusiva, illimitata e mondiale per utilizzare, copiare, modificare, trasmettere, vendere, sfruttare, creare opere derivate, distribuire e\/o eseguire pubblicamente o mostrare tale materiale, in tutto o in parte, in qualsiasi modo o mezzo,\u00a0ora conosciuto o sviluppato in futuro, per qualsiasi scopo.\u00a0La concessione di cui sopra includer\u00e0 il diritto di sfruttare qualsiasi diritto di propriet\u00e0 in tale pubblicazione o invio, inclusi, a titolo esemplificativo, diritti sui diritti d\u2019autore, marchi, marchi di servizio o leggi sui brevetti in qualsiasi giurisdizione pertinente.\u00a0Inoltre, in connessione con l\u2019esercizio di tali diritti, concedi a noi e a chiunque sia autorizzato da noi il diritto di identificarti come autore di qualsiasi tuo post o contributo per nome, indirizzo e-mail o nome utente, come riteniamo appropriato.<\/p>\n<p><strong>Limitazioni al collegamento e all\u2019inquadratura<\/strong><\/p>\n<p>\u00c8 possibile stabilire un collegamento ipertestuale al Sito purch\u00e9 il collegamento non indichi o implichi alcuna sponsorizzazione del proprio sito da parte nostra o del Sito.\u00a0Tuttavia, non \u00e8 possibile, senza il nostro previo consenso scritto, inquadrare o collegare in linea alcun contenuto del Sito, o incorporare in un altro sito Web o altro servizio qualsiasi nostro materiale, contenuto o propriet\u00e0 intellettuale.<\/p>\n<p><strong>Precisione delle informazioni<\/strong><\/p>\n<p>Sebbene ci adoperiamo per garantire che tutte le informazioni sul Sito siano accurate, non possiamo garantire che tutte le informazioni siano sempre accurate e aggiornate.\u00a0Il Sito contiene una grande quantit\u00e0 di dati ed \u00e8 probabile che si verifichino errori nel rilevamento delle modifiche, ad esempio le modifiche alle date e agli orari degli eventi.<\/p>\n<p>Pertanto, non ci assumiamo alcuna responsabilit\u00e0 per errori od omissioni in relazione al contenuto del Sito. Se dovessi trovare informazioni inesatte sul Sito, ti preghiamo di informarci all\u2019indirizzo info@realtimebidding.org e provvederemo a correggerle non appena sar\u00e0 possibile farlo.<\/p>\n<p>Parte di questo sito contiene materiali inviati a Real Time Bidding da terze parti. \u00c8 responsabilit\u00e0 di queste Terze Parti garantire che i materiali inviati per l\u2019inclusione in questo Sito siano conformi alle leggi nazionali e straniere pertinenti.<\/p>\n<p>Non possiamo garantire l\u2019accuratezza o l\u2019affidabilit\u00e0 di questo materiale e con la presente decliniamo ogni responsabilit\u00e0 per errori, omissioni o imprecisioni nel materiale o per qualsiasi interpretazione errata, perdita, delusione, negligenza o danno causato dall\u2019affidamento a qualsiasi materiale contenuto all\u2019interno del Sito.<\/p>\n<p>Inoltre, non possiamo accettare responsabilit\u00e0 per qualsiasi mancata o presunta mancata fornitura dei servizi di cui al presente documento, o in caso di fallimento, liquidazione o cessazione dell\u2019attivit\u00e0 di qualsiasi societ\u00e0, persona fisica o giuridica di cui al presente documento.\u00a0Si consiglia di verificare con la struttura interessata.<\/p>\n<p>Non ci assumiamo alcuna responsabilit\u00e0 per il contenuto di qualsiasi sito a cui esiste un collegamento ipertestuale da questo sito.\u00a0Tali collegamenti sono forniti per comodit\u00e0 dell\u2019utente \u201ccos\u00ec come sono\u201d.<\/p>\n<p><strong>NESSUNA GARANZIA SUI RISULTATI<\/strong><\/p>\n<p>Come indicato pi\u00f9 completamente nel Disclaimer, l\u2019utente accetta che la Societ\u00e0 non ha fornito alcuna garanzia sui risultati dell\u2019adozione di qualsiasi azione, raccomandata su questo sito Web o meno.\u00a0La Societ\u00e0 fornisce risorse educative e informative che hanno lo scopo di aiutare gli utenti di questo sito Web ad avere successo.\u00a0Tuttavia, riconosci che il tuo successo o fallimento finale sar\u00e0 il risultato dei tuoi sforzi, della tua situazione particolare e di innumerevoli altre circostanze al di fuori del controllo e\/o della conoscenza della Societ\u00e0.<\/p>\n<p>Riconosci inoltre che i risultati precedenti non garantiscono un risultato simile.\u00a0Pertanto, i risultati ottenuti da altri, siano essi clienti della Societ\u00e0 o altro, applicando i principi stabiliti in questo sito Web non costituiscono alcuna garanzia che l\u2019utente o qualsiasi altra persona o entit\u00e0 sar\u00e0 in grado di ottenere risultati simili.<\/p>\n<p><strong>Limitazione di responsabilit\u00e0<\/strong><\/p>\n<p>IN NESSUN CASO, COMPRESA, A TITOLO ESEMPLIFICATIVO, LA NEGLIGENZA, NOI, LE NOSTRE CONTROLLATE E SOCIET\u00c0 MADRI O AFFILIATE SIAMO RESPONSABILI PER EVENTUALI DANNI DIRETTI, INDIRETTI, ACCIDENTALI, SPECIALI O CONSEQUENZIALI DERIVANTI DALL\u2019UTILIZZO O DALL\u2019IMPOSSIBILIT\u00c0 DI UTILIZZARE, IL SITO, COMPRESI NELLA NOSTRA MESSAGGISTICA, BLOG, COMMENTI DI ALTRI, LIBRI, EMAIL, PRODOTTI O SERVIZI O MATERIALI, PRODOTTI O SERVIZI DI TERZE PARTI RESI DISPONIBILI ATTRAVERSO IL SITO O DA NOI IN QUALSIASI MODO, ANCHE SE SIAMO AVVISATI PRIMA DELLA POSSIBILIT\u00c0 DI TALI DANNI.\u00a0(PERCH\u00c9 ALCUNI STATI NON CONSENTONO L\u2019ESCLUSIONE O LA LIMITAZIONE DI ALCUNE CATEGORIE DI DANNI, LA LIMITAZIONE DI CUI SOPRA POTREBBE NON ESSERE APPLICABILE A VOI. IN TALI STATI, LA NOSTRA RESPONSABILIT\u00c0 E LA RESPONSABILIT\u00c0 DELLE NOSTRE AFFILIATE E CONTROLLATE O AFFILIATE \u00c8 LIMITATA NELLA MISURA MASSIMA CONSENTITA DA TALE LEGGE STATALE.\u00a0) L\u2019UTENTE RICONOSCE E ACCETTA IN PARTICOLARE CHE NON SIAMO RESPONSABILI PER ALCUNA CONDOTTA DIFFAMATORIA, OFFENSIVA O ILLEGALE DI ALCUN UTENTE.\u00a0SE L\u2019UTENTE NON \u00c8 SODDISFATTO DEL SITO, DI QUALSIASI MATERIALE, PRODOTTO O SERVIZIO SUL SITO O DI QUALUNQUE DEI TERMINI E CONDIZIONI DEL SITO, L\u2019UNICO ED ESCLUSIVO RIMEDIO \u00c8 INTERROMPERE L\u2019UTILIZZO DEL SITO E DEI PRODOTTI, SERVIZI E\/O MATERIALI.<\/p>\n<p><strong>Cessazione e limitazione di accesso<\/strong><\/p>\n<p>La Societ\u00e0 si riserva il diritto, a sua esclusiva discrezione, di interrompere l\u2019accesso al Sito Web e ai servizi correlati oa qualsiasi parte di essi in qualsiasi momento, senza preavviso.\u00a0Nella misura massima consentita dalla legge, e con la presente acconsenti a risolvere qualsiasi e tutte le controversie derivanti da o relative a questo sito Web o ai Termini di utilizzo ai sensi della Clausola arbitrale di cui sopra.\u00a0L\u2019uso del sito Web non \u00e8 autorizzato in qualsiasi giurisdizione che non dia effetto a tutte le disposizioni di questi Termini, inclusa, a titolo esemplificativo, questa sezione.<\/p>\n<p><strong>Avvisi DMCA<\/strong><\/p>\n<p>Il sito crea tutti i contenuti e cerca anche le immagini tramite Creative Commons o acquista licenze di immagini o ottiene il permesso dall\u2019artista per utilizzare il proprio lavoro.\u00a0Ho il pi\u00f9 profondo rispetto per i diritti degli altri nel loro lavoro.<\/p>\n<p>Se ritieni che i tuoi diritti di copyright siano stati violati, inviaci un avviso di rimozione DMCA e lo rimuoveremo volentieri. Puoi inviare l\u2019avviso a info@realtimebidding.org.<\/p>\n<p><strong>Legge governativa<\/strong><\/p>\n<p>I presenti Termini devono essere interpretati in conformit\u00e0 e regolati dalle leggi, senza riferimento alle loro regole in materia di conflitti di legge.\u00a0<span class=\"goog-text-highlight\">Con la presente acconsenti irrevocabilmente alla giurisdizione esclusiva.<\/span><\/p>\n","protected":false},"excerpt":{"rendered":"<p>In vigore: 22 FEBBRAIO 2023 Diritti di propriet\u00e0 intellettuale Salvo diversa indicazione, tutti i contenuti scritti su questo sito sono di propriet\u00e0 di Real Time Bidding e\/o dei nostri affiliati&hellip;<\/p>\n","protected":false},"author":1,"featured_media":0,"parent":0,"menu_order":0,"comment_status":"closed","ping_status":"closed","template":"","meta":{"footnotes":""},"class_list":["post-24","page","type-page","status-publish"],"_links":{"self":[{"href":"https:\/\/homerology.com\/it\/wp-json\/wp\/v2\/pages\/24","targetHints":{"allow":["GET"]}}],"collection":[{"href":"https:\/\/homerology.com\/it\/wp-json\/wp\/v2\/pages"}],"about":[{"href":"https:\/\/homerology.com\/it\/wp-json\/wp\/v2\/types\/page"}],"author":[{"embeddable":true,"href":"https:\/\/homerology.com\/it\/wp-json\/wp\/v2\/users\/1"}],"replies":[{"embeddable":true,"href":"https:\/\/homerology.com\/it\/wp-json\/wp\/v2\/comments?post=24"}],"version-history":[{"count":2,"href":"https:\/\/homerology.com\/it\/wp-json\/wp\/v2\/pages\/24\/revisions"}],"predecessor-version":[{"id":438,"href":"https:\/\/homerology.com\/it\/wp-json\/wp\/v2\/pages\/24\/revisions\/438"}],"wp:attachment":[{"href":"https:\/\/homerology.com\/it\/wp-json\/wp\/v2\/media?parent=24"}],"curies":[{"name":"wp","href":"https:\/\/api.w.org\/{rel}","templated":true}]}}