{"id":28,"date":"2022-02-02T11:09:02","date_gmt":"2022-02-02T11:09:02","guid":{"rendered":"https:\/\/homerology.com\/?page_id=28"},"modified":"2023-12-20T13:05:28","modified_gmt":"2023-12-20T13:05:28","slug":"disclaimer-disclosure-policy","status":"publish","type":"page","link":"https:\/\/homerology.com\/it\/disclaimer-disclosure-policy\/","title":{"rendered":"Disclaimer e Politica di Divulgazione"},"content":{"rendered":"<header>\n<h3 class=\"entry-title\">In vigore: 22 febbraio 2023<\/h3>\n<p><strong>Homerology.com<\/strong> fa parte del network di blog gestito da Real Time Bidding. Questo blog accetta forme di pubblicit\u00e0 in contanti, sponsorizzazioni, inserzioni a pagamento o altre forme di compenso. Il compenso ricevuto non influenzer\u00e0 mai il contenuto, gli argomenti o i post pubblicati in questo blog. Tutta la pubblicit\u00e0 \u00e8 sotto forma di pubblicit\u00e0 generata da reti pubblicitarie di terze parti con cui abbiamo collaborato. Tali annunci saranno identificati come pubblicit\u00e0 a pagamento.<\/p>\n<p>Si prega di notare che <strong>Homerology.com<\/strong> ha rapporti di marketing e pubblicit\u00e0 con alcuni dei commercianti menzionati nel nostro blog. Potremmo essere ricompensati se i consumatori scelgono di utilizzare i collegamenti presenti in tutto il contenuto di questo sito e generare vendite per il suddetto commerciante.<\/p>\n<p>Di tanto in tanto, siamo anche ricompensati per fornire opinioni su prodotti, servizi, siti Web e vari altri argomenti.\u00a0Anche se potremmo ricevere un compenso per determinati post o pubblicit\u00e0, diamo sempre le nostre opinioni, risultati, convinzioni o esperienze oneste su tali argomenti o prodotti.\u00a0Le opinioni e le opinioni espresse su questo blog sono puramente personali dei blogger.\u00a0Qualsiasi dichiarazione di prodotto, statistica, preventivo o altra rappresentazione su un prodotto o servizio deve essere verificata con il produttore, fornitore o parte in questione.<\/p>\n<p>Possiamo anche registrarci come affiliati in diversi siti di affiliazione come Amazon Services LLC Associates Program.\u00a0Sono programmi pubblicitari di affiliazione progettati per fornirci un mezzo per guadagnare commissioni collegandoci ad Amazon.com e ad altri siti affiliati.\u00a0Potremmo anche lavorare come affiliati all\u2019Institute for Integrative Nutrition o ad altre reti di programmi di affiliazione per la salute e il benessere.\u00a0<span class=\"goog-text-highlight\">Le opinioni su questo blog non intendono fungere da consigli medici o professionisti della salute.\u00a0<\/span>Dovresti sempre consultare un medico prima di prendere qualsiasi decisione medica o sanitaria specifica. Questo blog non contiene alcun contenuto che potrebbe presentare un conflitto di interessi.<\/p>\n<p><strong>Sicurezza<\/strong><\/p>\n<p>Ci impegniamo a garantire che le tue informazioni siano al sicuro.\u00a0Al fine di prevenire l\u2019accesso o la divulgazione non autorizzati, abbiamo messo in atto adeguate procedure fisiche, elettroniche e gestionali per salvaguardare e proteggere le informazioni che raccogliamo online.<\/p>\n<p>In caso di domande relative a questo disclaimer, \u00e8 possibile inviare un\u2019e-mail a<strong> info@realtimebidding.org<\/strong><\/p>\n<\/header>\n","protected":false},"excerpt":{"rendered":"<p>In vigore: 22 febbraio 2023 Homerology.com fa parte del network di blog gestito da Real Time Bidding. Questo blog accetta forme di pubblicit\u00e0 in contanti, sponsorizzazioni, inserzioni a pagamento o&hellip;<\/p>\n","protected":false},"author":1,"featured_media":0,"parent":0,"menu_order":0,"comment_status":"closed","ping_status":"closed","template":"","meta":{"footnotes":""},"class_list":["post-28","page","type-page","status-publish"],"_links":{"self":[{"href":"https:\/\/homerology.com\/it\/wp-json\/wp\/v2\/pages\/28","targetHints":{"allow":["GET"]}}],"collection":[{"href":"https:\/\/homerology.com\/it\/wp-json\/wp\/v2\/pages"}],"about":[{"href":"https:\/\/homerology.com\/it\/wp-json\/wp\/v2\/types\/page"}],"author":[{"embeddable":true,"href":"https:\/\/homerology.com\/it\/wp-json\/wp\/v2\/users\/1"}],"replies":[{"embeddable":true,"href":"https:\/\/homerology.com\/it\/wp-json\/wp\/v2\/comments?post=28"}],"version-history":[{"count":4,"href":"https:\/\/homerology.com\/it\/wp-json\/wp\/v2\/pages\/28\/revisions"}],"predecessor-version":[{"id":443,"href":"https:\/\/homerology.com\/it\/wp-json\/wp\/v2\/pages\/28\/revisions\/443"}],"wp:attachment":[{"href":"https:\/\/homerology.com\/it\/wp-json\/wp\/v2\/media?parent=28"}],"curies":[{"name":"wp","href":"https:\/\/api.w.org\/{rel}","templated":true}]}}