{"id":21,"date":"2022-02-02T11:03:46","date_gmt":"2022-02-02T11:03:46","guid":{"rendered":"https:\/\/homerology.com\/?page_id=21"},"modified":"2022-05-23T13:16:24","modified_gmt":"2022-05-23T13:16:24","slug":"about-us","status":"publish","type":"page","link":"https:\/\/homerology.com\/pl\/about-us\/","title":{"rendered":"O nas"},"content":{"rendered":"<p><span><span class=\"\">Nasza strona jest informacyjn\u0105 stron\u0105 internetow\u0105 specjalizuj\u0105c\u0105 si\u0119 w\u00a0<\/span><\/span><span lang=\"en\"><span><span class=\"\">dekorowaniu domu i pomys\u0142ach na kuchni\u0119, aby unowocze\u015bni\u0107 sw\u00f3j dom w dobrym stylu.<\/span><\/span><\/span><\/p>\n<p><span><span class=\"goog-text-highlight\">Zosta\u0142 opracowany, aby zainspirowa\u0107 ludzi zainteresowanych praktycznymi poradami i pomys\u0142ami na temat niekt\u00f3rych z najbardziej innowacyjnych pomys\u0142\u00f3w i projekt\u00f3w ulepsze\u0144 domu, sypialni, kuchni i ogrodu, najnowszych trend\u00f3w w wystroju wn\u0119trz, mebli, akcesori\u00f3w, a tak\u017ce wskaz\u00f3wek i przewodnik\u00f3w.<\/span><\/span><\/p>\n<p><span>Na blogu znajdziesz klasyczne porady i przydatne informacje na temat najnowszych trend\u00f3w w<\/span><br \/>\n<em><strong><span>dekoracji wn\u0119trz, wystroju wn\u0119trz, przebudowie sypialni i kuchni<\/span><\/strong><\/em><\/p>\n","protected":false},"excerpt":{"rendered":"<p>Nasza strona jest informacyjn\u0105 stron\u0105 internetow\u0105 specjalizuj\u0105c\u0105 si\u0119 w\u00a0dekorowaniu domu i pomys\u0142ach na kuchni\u0119, aby unowocze\u015bni\u0107 sw\u00f3j dom w dobrym stylu. Zosta\u0142 opracowany, aby zainspirowa\u0107 ludzi zainteresowanych praktycznymi poradami i&hellip;<\/p>\n","protected":false},"author":1,"featured_media":0,"parent":0,"menu_order":0,"comment_status":"closed","ping_status":"closed","template":"","meta":{"footnotes":""},"class_list":["post-21","page","type-page","status-publish"],"_links":{"self":[{"href":"https:\/\/homerology.com\/pl\/wp-json\/wp\/v2\/pages\/21","targetHints":{"allow":["GET"]}}],"collection":[{"href":"https:\/\/homerology.com\/pl\/wp-json\/wp\/v2\/pages"}],"about":[{"href":"https:\/\/homerology.com\/pl\/wp-json\/wp\/v2\/types\/page"}],"author":[{"embeddable":true,"href":"https:\/\/homerology.com\/pl\/wp-json\/wp\/v2\/users\/1"}],"replies":[{"embeddable":true,"href":"https:\/\/homerology.com\/pl\/wp-json\/wp\/v2\/comments?post=21"}],"version-history":[{"count":1,"href":"https:\/\/homerology.com\/pl\/wp-json\/wp\/v2\/pages\/21\/revisions"}],"predecessor-version":[{"id":483,"href":"https:\/\/homerology.com\/pl\/wp-json\/wp\/v2\/pages\/21\/revisions\/483"}],"wp:attachment":[{"href":"https:\/\/homerology.com\/pl\/wp-json\/wp\/v2\/media?parent=21"}],"curies":[{"name":"wp","href":"https:\/\/api.w.org\/{rel}","templated":true}]}}