{"id":24,"date":"2022-02-02T11:06:45","date_gmt":"2022-02-02T11:06:45","guid":{"rendered":"https:\/\/homerology.com\/?page_id=24"},"modified":"2022-05-18T11:34:19","modified_gmt":"2022-05-18T11:34:19","slug":"terms-of-use","status":"publish","type":"page","link":"https:\/\/homerology.com\/pl\/terms-of-use\/","title":{"rendered":"Warunki korzystania"},"content":{"rendered":"<h3 id=\"obowiazuje-22-lutego-2022\"><span>Obowi\u0105zuje: 22 LUTEGO 2022<\/span><\/h3>\n<p><strong><span>Prawa w\u0142asno\u015bci intelektualnej<\/span><\/strong><\/p>\n<p><span>O ile nie zaznaczono inaczej, ca\u0142a tre\u015b\u0107 pisemna na tej stronie jest w\u0142asno\u015bci\u0105 Yeeti Tech i\/lub naszych podmiot\u00f3w stowarzyszonych lub licencjodawc\u00f3w i jest chroniona prawami autorskimi, znakami towarowymi i innymi prawami w\u0142asno\u015bci intelektualnej.\u00a0Witryna jest udost\u0119pniana wy\u0142\u0105cznie do u\u017cytku osobistego i niekomercyjnego.\u00a0Nie mo\u017cesz korzysta\u0107 z Witryny lub materia\u0142\u00f3w dost\u0119pnych w Witrynie w spos\u00f3b, kt\u00f3ry stanowi naruszenie naszych praw lub kt\u00f3ry nie zosta\u0142 przez nas autoryzowany.\u00a0W szczeg\u00f3lno\u015bci nie wolno modyfikowa\u0107, kopiowa\u0107, reprodukowa\u0107, ponownie publikowa\u0107, przesy\u0142a\u0107, publikowa\u0107, t\u0142umaczy\u0107, sprzedawa\u0107, tworzy\u0107 prac pochodnych, wykorzystywa\u0107 ani rozpowszechnia\u0107 w jakikolwiek spos\u00f3b lub na jakimkolwiek no\u015bniku (w tym poczt\u0105 elektroniczn\u0105 lub innymi \u015brodkami elektronicznymi) jakichkolwiek materia\u0142\u00f3w z Witryny bez uprzedniej zgody.\u00a0Mo\u017cesz jednak pobra\u0107, wydrukowa\u0107 i\/lub udost\u0119pni\u0107 jedn\u0105 kopi\u0119 poszczeg\u00f3lnych stron Witryny do u\u017cytku niekomercyjnego,<\/span><\/p>\n<p><strong><span>Twoja licencja dla nas<\/span><\/strong><\/p>\n<p><span>Publikuj\u0105c lub przesy\u0142aj\u0105c jakiekolwiek materia\u0142y (w tym mi\u0119dzy innymi komentarze, wpisy na blogach, wpisy na Facebooku, zdj\u0119cia i filmy) do nas za po\u015brednictwem Witryny, grup internetowych, miejsc w mediach spo\u0142eczno\u015bciowych lub do kt\u00f3regokolwiek z naszych pracownik\u00f3w za po\u015brednictwem poczty elektronicznej, tekstu lub w inny spos\u00f3b, o\u015bwiadczasz: (i) \u017ce jeste\u015b w\u0142a\u015bcicielem materia\u0142u lub publikujesz lub przesy\u0142asz za wyra\u017an\u0105 zgod\u0105 w\u0142a\u015bciciela materia\u0142u;\u00a0oraz (ii) \u017ce masz co najmniej trzyna\u015bcie lat.\u00a0Ponadto, przesy\u0142aj\u0105c, wysy\u0142aj\u0105c e-mailem, wysy\u0142aj\u0105c SMS-y, dostarczaj\u0105c lub publikuj\u0105c jakiekolwiek materia\u0142y, udzielasz nam i ka\u017cdej osobie przez nas upowa\u017cnionej bezp\u0142atnej, wieczystej, nieodwo\u0142alnej, niewy\u0142\u0105cznej, nieograniczonej, og\u00f3lno\u015bwiatowej licencji na u\u017cywanie, kopiowanie, modyfikowa\u0107, przesy\u0142a\u0107, sprzedawa\u0107, wykorzystywa\u0107, tworzy\u0107 dzie\u0142 pochodnych, rozpowszechnia\u0107 i\/lub publicznie wykonywa\u0107 lub wy\u015bwietla\u0107 takie materia\u0142y, w ca\u0142o\u015bci lub w cz\u0119\u015bci, w jakikolwiek spos\u00f3b lub na jakimkolwiek no\u015bniku,\u00a0obecnie znane lub opracowane w dowolnym celu.\u00a0Powy\u017csze przyznanie obejmuje prawo do korzystania z wszelkich praw w\u0142asno\u015bci do takiego publikowania lub przesy\u0142ania, w tym mi\u0119dzy innymi praw wynikaj\u0105cych z praw autorskich, znak\u00f3w towarowych, znak\u00f3w us\u0142ugowych lub praw patentowych w ramach odpowiedniej jurysdykcji.\u00a0Ponadto, w zwi\u0105zku z wykonywaniem takich praw, przyznajesz nam i ka\u017cdemu upowa\u017cnionemu przez nas prawo do identyfikowania Ci\u0119 jako autora dowolnych Twoich post\u00f3w lub zg\u0142osze\u0144 za pomoc\u0105 imienia i nazwiska, adresu e-mail lub pseudonimu, je\u015bli uznamy to za stosowne.<\/span><\/p>\n<p><strong><span>Ograniczenia dotycz\u0105ce \u0142\u0105czenia i kadrowania<\/span><\/strong><\/p>\n<p><span>Mo\u017cesz utworzy\u0107 \u0142\u0105cze hipertekstowe do Witryny, o ile link nie wskazuje ani nie sugeruje sponsorowania Twojej witryny przez nas lub przez Witryn\u0119.\u00a0Nie mo\u017cesz jednak, bez naszej uprzedniej pisemnej zgody, umieszcza\u0107 w ramkach lub linkowa\u0107 w tek\u015bcie jakichkolwiek tre\u015bci Witryny ani w\u0142\u0105cza\u0107 do innej witryny internetowej lub innej us\u0142ugi jakichkolwiek naszych materia\u0142\u00f3w, tre\u015bci lub w\u0142asno\u015bci intelektualnej.<\/span><\/p>\n<p><strong><span>Dok\u0142adno\u015b\u0107 informacji<\/span><\/strong><\/p>\n<p><span>Chocia\u017c dok\u0142adamy wszelkich stara\u0144, aby wszystkie informacje w Witrynie by\u0142y dok\u0142adne, nie mo\u017cemy zagwarantowa\u0107, \u017ce wszystkie informacje b\u0119d\u0105 zawsze dok\u0142adne i aktualne.\u00a0Witryna zawiera du\u017c\u0105 ilo\u015b\u0107 danych, a w \u015bledzeniu zmian mog\u0105 wyst\u0105pi\u0107 b\u0142\u0119dy \u2013 na przyk\u0142ad zmiany dat i godzin wydarze\u0144.<\/span><\/p>\n<p><span>Dlatego nie ponosimy \u017cadnej odpowiedzialno\u015bci za b\u0142\u0119dy lub pomini\u0119cia w tre\u015bci Witryny.\u00a0Je\u015bli znajdziesz jakiekolwiek niedok\u0142adne informacje w Witrynie, poinformuj nas o tym na\u00a0\u00a0<\/span><span>adres ads@yeeti.com\u00a0<\/span><span>\u00a0, a my poprawimy je, gdy tylko b\u0119dzie to mo\u017cliwe.<\/span><\/p>\n<p><span>Cz\u0119\u015b\u0107 tej Witryny zawiera materia\u0142y przes\u0142ane do Yeeti Tech przez osoby trzecie.\u00a0Obowi\u0105zkiem tych Os\u00f3b Trzecich jest zapewnienie, \u017ce materia\u0142y przes\u0142ane do umieszczenia na tej Stronie s\u0105 zgodne z krajowymi i odpowiednimi prawami zagranicznymi.<\/span><\/p>\n<p><span>Nie mo\u017cemy zagwarantowa\u0107 dok\u0142adno\u015bci ani wiarygodno\u015bci tego materia\u0142u i niniejszym zrzekamy si\u0119 wszelkiej odpowiedzialno\u015bci za b\u0142\u0119dy, pomini\u0119cia lub niedok\u0142adno\u015bci w materiale lub za b\u0142\u0119dn\u0105 interpretacj\u0119, strat\u0119, rozczarowanie, zaniedbanie lub szkody spowodowane poleganiem na jakimkolwiek materiale zawartym w Witrynie.<\/span><\/p>\n<p><span>Nie mo\u017cemy r\u00f3wnie\u017c przyj\u0105\u0107 odpowiedzialno\u015bci za niepowodzenie lub domniemane niepowodzenie w \u015bwiadczeniu us\u0142ug, o kt\u00f3rych mowa w niniejszym dokumencie, ani w przypadku upad\u0142o\u015bci, likwidacji lub zaprzestania dzia\u0142alno\u015bci jakiejkolwiek firmy, osoby fizycznej lub firmy, o kt\u00f3rej mowa w niniejszym dokumencie.\u00a0Zaleca si\u0119 skontaktowanie si\u0119 z dan\u0105 plac\u00f3wk\u0105.<\/span><\/p>\n<p><span>Nie ponosimy odpowiedzialno\u015bci za zawarto\u015b\u0107 jakiejkolwiek Witryny, do kt\u00f3rej istnieje \u0142\u0105cze hipertekstowe z tej Witryny.\u00a0Takie linki s\u0105 udost\u0119pniane dla Twojej wygody na zasadzie \u201etak jak jest\u201d.<\/span><\/p>\n<p><strong><span>BRAK GWARANCJI WYNIK\u00d3W<\/span><\/strong><\/p>\n<p><span>Jak okre\u015blono bardziej szczeg\u00f3\u0142owo w Zastrze\u017ceniu, zgadzasz si\u0119, \u017ce Firma nie udzieli\u0142a \u017cadnych gwarancji dotycz\u0105cych wynik\u00f3w podj\u0119cia jakichkolwiek dzia\u0142a\u0144, niezale\u017cnie od tego, czy jest to zalecane na tej stronie internetowej, czy nie.\u00a0Firma zapewnia zasoby edukacyjne i informacyjne, kt\u00f3re maj\u0105 pom\u00f3c u\u017cytkownikom tej Witryny w osi\u0105gni\u0119ciu sukcesu.\u00a0Niemniej jednak zdajesz sobie spraw\u0119, \u017ce Tw\u00f3j ostateczny sukces lub pora\u017cka b\u0119dzie wynikiem Twoich w\u0142asnych wysi\u0142k\u00f3w, Twojej szczeg\u00f3lnej sytuacji i niezliczonych innych okoliczno\u015bci pozostaj\u0105cych poza kontrol\u0105 i\/lub wiedz\u0105 Firmy.<\/span><\/p>\n<p><span>Zdajesz sobie r\u00f3wnie\u017c spraw\u0119, \u017ce wcze\u015bniejsze wyniki nie gwarantuj\u0105 podobnego wyniku.\u00a0W zwi\u0105zku z tym wyniki uzyskane przez inne osoby \u2013 klient\u00f3w Sp\u00f3\u0142ki lub inne osoby \u2013 stosuj\u0105ce zasady okre\u015blone w tej Witrynie nie gwarantuj\u0105, \u017ce Ty lub jakakolwiek inna osoba lub podmiot b\u0119dzie w stanie uzyska\u0107 podobne wyniki.<\/span><\/p>\n<p><strong><span>Ograniczenie odpowiedzialno\u015bci<\/span><\/strong><\/p>\n<p><span>W \u017bADNYM WYPADKU, W TYM MI\u0118DZY INNYMI ZANIEDBANIE, NIE PONOSIMY ODPOWIEDZIALNO\u015aCI ZA JAKIEKOLWIEK BEZPO\u015aREDNIE, PO\u015aREDNIE, PRZYPADKOWE, SZCZEG\u00d3LNE LUB WT\u00d3RNE SZKODY WYNIKAJ\u0104CE Z MO\u017bLIWO\u015aCI U\u017bYCIA LUB WITRYNIE, W TYM W NASZYCH WIADOMO\u015aCIACH, BLOGACH, KOMENTARZACH INNYCH, KSI\u0104\u017bKACH, E-MAILACH, PRODUKTACH LUB US\u0141UGACH LUB MATERIA\u0141ACH, PRODUKTACH LUB US\u0141UGACH OS\u00d3B TRZECICH UDOST\u0118PNIANYCH ZA PO\u015aREDNICTWEM WITRYNY LUB PRZEZ NAS W JAKIKOLWIEK SPOS\u00d3B, NAWET W PRZYPADKU PRZED MO\u017bLIWO\u015aCI\u0104 TAKICH SZK\u00d3D.\u00a0(PONIEWA\u017b NIEKT\u00d3RE PA\u0143STWA NIE ZEZWALAJ\u0104 NA WYKLUCZENIE LUB OGRANICZENIE NIEKT\u00d3RYCH KATEGORII SZK\u00d3D, POWY\u017bSZE OGRANICZENIE MO\u017bE NIE MIE\u0106 ZASTOSOWANIA DO U\u017bYTKOWNIKA. W TAKICH PA\u0143STWACH NASZA ODPOWIEDZIALNO\u015a\u0106 JEST OGRANICZONA DO PRZEZ TAKIE PRAWO PA\u0143STWOWE.\u00a0) U\u017bYTKOWNIK W SZCZEG\u00d3LNO\u015aCI POTWIERDZA I ZGADZA SI\u0118, \u017bE NIE PONOSIMY ODPOWIEDZIALNO\u015aCI ZA JAKIEKOLWIEK znies\u0142awiaj\u0105ce, obra\u017aliwe lub NIELEGALNE POST\u0118POWANIE JAKIEGOKOLWIEK U\u017bYTKOWNIKA.\u00a0JE\u015aLI U\u017bYTKOWNIK NIE JEST ZADOWOLONY Z WITRYNY, JAKICHKOLWIEK MATERIA\u0141\u00d3W, PRODUKT\u00d3W LUB US\u0141UG NA WITRYNIE LUB Z WARUNK\u00d3W WITRYNY, JEDYNYM I WY\u0141\u0104CZNYM \u015aRODKIEM ZARADCZYM JEST ZAPRZESTANIE KORZYSTANIA Z WITRYNY ORAZ PRODUKT\u00d3W, US\u0141UG I\/LUB MATERIA\u0141\u00d3W.<\/span><\/p>\n<p><strong><span>Wypowiedzenie i ograniczenie dost\u0119pu<\/span><\/strong><\/p>\n<p><span>Firma zastrzega sobie prawo, wed\u0142ug w\u0142asnego uznania, do zablokowania dost\u0119pu do Witryny i powi\u0105zanych us\u0142ug lub dowolnej ich cz\u0119\u015bci w dowolnym momencie, bez powiadomienia.\u00a0W maksymalnym zakresie dozwolonym przez prawo i niniejszym wyra\u017casz zgod\u0119 na rozstrzyganie wszelkich spor\u00f3w wynikaj\u0105cych lub zwi\u0105zanych z niniejsz\u0105 Witryn\u0105 lub Warunkami u\u017cytkowania zgodnie z klauzul\u0105 \u200b\u200barbitra\u017cow\u0105 powy\u017cej.\u00a0Korzystanie z Witryny jest niedozwolone w jakiejkolwiek jurysdykcji, kt\u00f3ra nie wprowadza w \u017cycie wszystkich postanowie\u0144 niniejszych Warunk\u00f3w, w tym m.in. niniejszej sekcji.<\/span><\/p>\n<p><strong><span>Powiadomienia DMCA<\/span><\/strong><\/p>\n<p><span>Witryna tworzy wszystkie tre\u015bci, a tak\u017ce wyszukuje obrazy za po\u015brednictwem Creative Commons lub kupuje licencje na obrazy lub uzyskuje pozwolenie od artysty na wykorzystanie jego pracy.\u00a0Mam najg\u0142\u0119bszy szacunek dla praw innych w ich pracy.<\/span><\/p>\n<p><span>Je\u015bli uwa\u017casz, \u017ce Twoje prawa autorskie zosta\u0142y naruszone, prze\u015blij nam \u017c\u0105danie usuni\u0119cia tre\u015bci zgodne z ustaw\u0105 DMCA, a z przyjemno\u015bci\u0105 je usuniemy.\u00a0Mo\u017cesz wys\u0142a\u0107 powiadomienie na\u00a0\u00a0<\/span><span>adres ads@yeeti.com\u00a0<\/span><span>\u00a0lub Yeeti Tech International Plaza #22-02<\/span><br \/>\n<span>Singapur 079903<\/span><\/p>\n<p><strong><span>Prawo rz\u0105dowe<\/span><\/strong><\/p>\n<p><span>Niniejsze Warunki b\u0119d\u0105 interpretowane zgodnie z prawem Singapuru i podlegaj\u0105 nim, bez odniesienia do ich zasad dotycz\u0105cych kolizji praw.\u00a0Niniejszym nieodwo\u0142alnie zgadzasz si\u0119 na wy\u0142\u0105czn\u0105 jurysdykcj\u0119.<\/span><\/p>\n","protected":false},"excerpt":{"rendered":"<p>Obowi\u0105zuje: 22 LUTEGO 2022 Prawa w\u0142asno\u015bci intelektualnej O ile nie zaznaczono inaczej, ca\u0142a tre\u015b\u0107 pisemna na tej stronie jest w\u0142asno\u015bci\u0105 Yeeti Tech i\/lub naszych podmiot\u00f3w stowarzyszonych lub licencjodawc\u00f3w i jest&hellip;<\/p>\n","protected":false},"author":1,"featured_media":0,"parent":0,"menu_order":0,"comment_status":"closed","ping_status":"closed","template":"","meta":{"footnotes":""},"class_list":["post-24","page","type-page","status-publish"],"_links":{"self":[{"href":"https:\/\/homerology.com\/pl\/wp-json\/wp\/v2\/pages\/24","targetHints":{"allow":["GET"]}}],"collection":[{"href":"https:\/\/homerology.com\/pl\/wp-json\/wp\/v2\/pages"}],"about":[{"href":"https:\/\/homerology.com\/pl\/wp-json\/wp\/v2\/types\/page"}],"author":[{"embeddable":true,"href":"https:\/\/homerology.com\/pl\/wp-json\/wp\/v2\/users\/1"}],"replies":[{"embeddable":true,"href":"https:\/\/homerology.com\/pl\/wp-json\/wp\/v2\/comments?post=24"}],"version-history":[{"count":0,"href":"https:\/\/homerology.com\/pl\/wp-json\/wp\/v2\/pages\/24\/revisions"}],"wp:attachment":[{"href":"https:\/\/homerology.com\/pl\/wp-json\/wp\/v2\/media?parent=24"}],"curies":[{"name":"wp","href":"https:\/\/api.w.org\/{rel}","templated":true}]}}