{"id":28,"date":"2022-02-02T11:09:02","date_gmt":"2022-02-02T11:09:02","guid":{"rendered":"https:\/\/homerology.com\/?page_id=28"},"modified":"2022-05-18T11:39:37","modified_gmt":"2022-05-18T11:39:37","slug":"disclaimer-disclosure-policy","status":"publish","type":"page","link":"https:\/\/homerology.com\/pl\/disclaimer-disclosure-policy\/","title":{"rendered":"Zasady dotycz\u0105ce wy\u0142\u0105czenia odpowiedzialno\u015bci i ujawniania informacji"},"content":{"rendered":"<header>\n<h3 class=\"entry-title\"><span>Obowi\u0105zuje: 22 lutego 2022<\/span><\/h3>\n<p><span>Homerology.com jest cz\u0119\u015bci\u0105 sieci blog\u00f3w zarz\u0105dzanej przez Yeeti Tech.\u00a0Ten blog akceptuje formy reklamy got\u00f3wkowej, sponsoringu, p\u0142atne wstawki lub inne formy rekompensaty.\u00a0Otrzymane wynagrodzenie nigdy nie wp\u0142ynie na tre\u015bci, tematy lub posty zamieszczane na tym blogu.\u00a0Wszystkie reklamy maj\u0105 form\u0119 reklam generowanych przez zewn\u0119trzne sieci reklamowe, z kt\u00f3rymi wsp\u00f3\u0142pracujemy.\u00a0Reklamy te b\u0119d\u0105 identyfikowane jako reklamy p\u0142atne.<\/span><\/p>\n<p><span>Nale\u017cy pami\u0119ta\u0107, \u017ce Homerology.com ma relacje marketingowe i reklamowe z niekt\u00f3rymi sprzedawcami wymienionymi na naszym blogu.\u00a0Mo\u017cemy otrzyma\u0107 wynagrodzenie, je\u015bli konsumenci zdecyduj\u0105 si\u0119 wykorzysta\u0107 linki znajduj\u0105ce si\u0119 w tre\u015bci na tej stronie i generowa\u0107 sprzeda\u017c dla wspomnianego sprzedawcy.<\/span><\/p>\n<p><span>Od czasu do czasu otrzymujemy r\u00f3wnie\u017c wynagrodzenie za wydawanie opinii na temat produkt\u00f3w, us\u0142ug, stron internetowych i r\u00f3\u017cnych innych temat\u00f3w.\u00a0Mimo \u017ce mo\u017cemy otrzyma\u0107 wynagrodzenie za niekt\u00f3re posty lub reklamy, zawsze przekazujemy nasze szczere opinie, ustalenia, przekonania lub do\u015bwiadczenia dotycz\u0105ce tych temat\u00f3w lub produkt\u00f3w.\u00a0Pogl\u0105dy i opinie wyra\u017cone na tym blogu s\u0105 wy\u0142\u0105cznie w\u0142asno\u015bci\u0105 bloger\u00f3w.\u00a0Wszelkie roszczenia dotycz\u0105ce produktu, statystyki, oferty lub inne o\u015bwiadczenia dotycz\u0105ce produktu lub us\u0142ugi nale\u017cy zweryfikowa\u0107 z producentem, dostawc\u0105 lub stron\u0105, kt\u00f3rej dotyczy wniosek.<\/span><\/p>\n<p><span>Mo\u017cemy r\u00f3wnie\u017c zarejestrowa\u0107 si\u0119 jako podmiot stowarzyszony w r\u00f3\u017cnych witrynach afiliacyjnych, takich jak Amazon Services LLC Associates Program.\u00a0S\u0105 to programy reklam afiliacyjnych, kt\u00f3rych celem jest zapewnienie nam \u015brodk\u00f3w do zarabiania op\u0142at poprzez linkowanie do Amazon.com i innych powi\u0105zanych witryn.\u00a0Mo\u017cemy r\u00f3wnie\u017c pracowa\u0107 jako afilianci w Institute for Integrative Nutrition lub innych sieciach partnerskich program\u00f3w zdrowia i dobrego samopoczucia.\u00a0Opinie na tym blogu nie maj\u0105 s\u0142u\u017cy\u0107 jako porada medyczna lub zawodowa rzecznika zdrowia.\u00a0Zawsze powiniene\u015b skonsultowa\u0107 si\u0119 z lekarzem przed podj\u0119ciem jakichkolwiek konkretnych decyzji medycznych lub zdrowotnych.Ten blog nie zawiera \u017cadnych tre\u015bci, kt\u00f3re mog\u0142yby stanowi\u0107 konflikt interes\u00f3w.<\/span><\/p>\n<p><strong><span>Bezpiecze\u0144stwo<\/span><\/strong><\/p>\n<p><span>Dok\u0142adamy wszelkich stara\u0144, aby Twoje informacje by\u0142y bezpieczne.\u00a0Aby zapobiec nieautoryzowanemu dost\u0119powi lub ujawnieniu, wprowadzili\u015bmy odpowiednie fizyczne, elektroniczne i zarz\u0105dcze procedury w celu zabezpieczenia i zabezpieczenia informacji, kt\u00f3re zbieramy online.<\/span><\/p>\n<p><span>Je\u015bli masz jakiekolwiek pytania dotycz\u0105ce tego wy\u0142\u0105czenia odpowiedzialno\u015bci, mo\u017cesz wys\u0142a\u0107 e-mail\u00a0 na adres\u00a0<\/span><span>ads@yeeti.com<\/span><\/p>\n<\/header>\n","protected":false},"excerpt":{"rendered":"<p>Obowi\u0105zuje: 22 lutego 2022 Homerology.com jest cz\u0119\u015bci\u0105 sieci blog\u00f3w zarz\u0105dzanej przez Yeeti Tech.\u00a0Ten blog akceptuje formy reklamy got\u00f3wkowej, sponsoringu, p\u0142atne wstawki lub inne formy rekompensaty.\u00a0Otrzymane wynagrodzenie nigdy nie wp\u0142ynie na&hellip;<\/p>\n","protected":false},"author":1,"featured_media":0,"parent":0,"menu_order":0,"comment_status":"closed","ping_status":"closed","template":"","meta":{"footnotes":""},"class_list":["post-28","page","type-page","status-publish"],"_links":{"self":[{"href":"https:\/\/homerology.com\/pl\/wp-json\/wp\/v2\/pages\/28","targetHints":{"allow":["GET"]}}],"collection":[{"href":"https:\/\/homerology.com\/pl\/wp-json\/wp\/v2\/pages"}],"about":[{"href":"https:\/\/homerology.com\/pl\/wp-json\/wp\/v2\/types\/page"}],"author":[{"embeddable":true,"href":"https:\/\/homerology.com\/pl\/wp-json\/wp\/v2\/users\/1"}],"replies":[{"embeddable":true,"href":"https:\/\/homerology.com\/pl\/wp-json\/wp\/v2\/comments?post=28"}],"version-history":[{"count":0,"href":"https:\/\/homerology.com\/pl\/wp-json\/wp\/v2\/pages\/28\/revisions"}],"wp:attachment":[{"href":"https:\/\/homerology.com\/pl\/wp-json\/wp\/v2\/media?parent=28"}],"curies":[{"name":"wp","href":"https:\/\/api.w.org\/{rel}","templated":true}]}}