{"id":21,"date":"2022-02-02T11:03:46","date_gmt":"2022-02-02T11:03:46","guid":{"rendered":"https:\/\/homerology.com\/?page_id=21"},"modified":"2022-03-31T15:04:35","modified_gmt":"2022-03-31T15:04:35","slug":"about-us","status":"publish","type":"page","link":"https:\/\/homerology.com\/tr\/about-us\/","title":{"rendered":"Bizim Hakk\u0131m\u0131zda"},"content":{"rendered":"<p><span lang=\"en\">Sitemiz , evinizi stil ile yenilemek i\u00e7in ev dekorasyonu ve mutfak fikirleri<\/span>\u00a0konusunda uzmanla\u015fm\u0131\u015f bir bilgi sitesidir .<\/p>\n<p>En yenilik\u00e7i ev, yatak odas\u0131, mutfak ve bah\u00e7e iyile\u015ftirme fikir ve tasar\u0131mlar\u0131ndan baz\u0131lar\u0131, en son dekor trendleri, mobilyalar, aksesuarlar, ayr\u0131ca ipu\u00e7lar\u0131 ve k\u0131lavuzlar hakk\u0131nda pratik nas\u0131l yap\u0131l\u0131r ve \u00f6zellikler hakk\u0131nda fikirlerle ilgilenen ki\u015filere ilham vermek i\u00e7in kavramsalla\u015ft\u0131r\u0131lm\u0131\u015ft\u0131r.<\/p>\n<p><em><strong>Blog, Ev Dekorasyonu, \u0130\u00e7 Tasar\u0131m, Yatak Odas\u0131 ve Mutfak Tadilat\u0131nda<\/strong><\/em>\u00a0en son trendler hakk\u0131nda klasik ipu\u00e7lar\u0131 ve faydal\u0131 bilgiler sunuyor.<\/p>\n","protected":false},"excerpt":{"rendered":"<p>Sitemiz , evinizi stil ile yenilemek i\u00e7in ev dekorasyonu ve mutfak fikirleri\u00a0konusunda uzmanla\u015fm\u0131\u015f bir bilgi sitesidir . En yenilik\u00e7i ev, yatak odas\u0131, mutfak ve bah\u00e7e iyile\u015ftirme fikir ve tasar\u0131mlar\u0131ndan baz\u0131lar\u0131,&hellip;<\/p>\n","protected":false},"author":1,"featured_media":0,"parent":0,"menu_order":0,"comment_status":"closed","ping_status":"closed","template":"","meta":{"footnotes":""},"class_list":["post-21","page","type-page","status-publish"],"_links":{"self":[{"href":"https:\/\/homerology.com\/tr\/wp-json\/wp\/v2\/pages\/21","targetHints":{"allow":["GET"]}}],"collection":[{"href":"https:\/\/homerology.com\/tr\/wp-json\/wp\/v2\/pages"}],"about":[{"href":"https:\/\/homerology.com\/tr\/wp-json\/wp\/v2\/types\/page"}],"author":[{"embeddable":true,"href":"https:\/\/homerology.com\/tr\/wp-json\/wp\/v2\/users\/1"}],"replies":[{"embeddable":true,"href":"https:\/\/homerology.com\/tr\/wp-json\/wp\/v2\/comments?post=21"}],"version-history":[{"count":5,"href":"https:\/\/homerology.com\/tr\/wp-json\/wp\/v2\/pages\/21\/revisions"}],"predecessor-version":[{"id":351,"href":"https:\/\/homerology.com\/tr\/wp-json\/wp\/v2\/pages\/21\/revisions\/351"}],"wp:attachment":[{"href":"https:\/\/homerology.com\/tr\/wp-json\/wp\/v2\/media?parent=21"}],"curies":[{"name":"wp","href":"https:\/\/api.w.org\/{rel}","templated":true}]}}