{"id":24,"date":"2022-02-02T11:06:45","date_gmt":"2022-02-02T11:06:45","guid":{"rendered":"https:\/\/homerology.com\/?page_id=24"},"modified":"2022-02-24T17:56:39","modified_gmt":"2022-02-24T17:56:39","slug":"terms-of-use","status":"publish","type":"page","link":"https:\/\/homerology.com\/tr\/terms-of-use\/","title":{"rendered":"Kullan\u0131m \u015fartlar\u0131"},"content":{"rendered":"<h3 id=\"yururluk-22-subat-2022\">Y\u00fcr\u00fcrl\u00fck: 22 \u015eUBAT 2022<\/h3>\n<p><strong>Fikri M\u00fclkiyet Haklar\u0131<\/strong><\/p>\n<p>Aksi belirtilmedik\u00e7e, bu sitedeki t\u00fcm yaz\u0131l\u0131 i\u00e7eri\u011fin m\u00fclkiyeti Yeeti Tech ve\/veya ba\u011fl\u0131 \u015firketlerimiz veya lisans verenlerimize aittir ve telif hakk\u0131, ticari marka ve di\u011fer fikri m\u00fclkiyet yasalar\u0131 taraf\u0131ndan korunmaktad\u0131r.\u00a0Site, yaln\u0131zca ticari olmayan ki\u015fisel kullan\u0131m\u0131n\u0131z i\u00e7in sa\u011flanmaktad\u0131r.\u00a0Siteyi veya Sitede bulunan materyalleri haklar\u0131m\u0131z\u0131 ihlal edecek \u015fekilde veya taraf\u0131m\u0131zca yetkilendirilmemi\u015f \u015fekilde kullanamazs\u0131n\u0131z.\u00a0Daha spesifik olarak, Sitedeki herhangi bir materyali herhangi bir \u015fekilde veya ortamda (e-posta veya di\u011fer elektronik ara\u00e7lar dahil) hi\u00e7bir \u015fekilde de\u011fi\u015ftiremez, kopyalayamaz, \u00e7o\u011faltamaz, yeniden yay\u0131nlayamaz, y\u00fckleyemez, postalayamaz, \u00e7eviremez, satamaz, t\u00fcrev \u00e7al\u0131\u015fmalar olu\u015fturamaz, istismar edemez veya da\u011f\u0131tamazs\u0131n\u0131z. eski izin.\u00a0Bununla birlikte, ticari olmayan kullan\u0131m i\u00e7in Sitenin tek tek sayfalar\u0131n\u0131n bir kopyas\u0131n\u0131 indirebilir, yazd\u0131rabilir ve\/veya payla\u015fabilirsiniz,<\/p>\n<p><strong>Lisans\u0131n\u0131z Bize<\/strong><\/p>\n<p>Site, internet gruplar\u0131, sosyal medya mecralar\u0131 arac\u0131l\u0131\u011f\u0131yla bize veya e-posta, metin veya ba\u015fka bir yolla herhangi bir personelimize (yorumlar, blog giri\u015fleri, Facebook g\u00f6nderileri, foto\u011fraflar ve videolar dahil ancak bunlarla s\u0131n\u0131rl\u0131 olmamak \u00fczere) herhangi bir materyal g\u00f6ndererek veya g\u00f6ndererek, (i) materyalin sahibi oldu\u011funuzu veya materyalin sahibinin a\u00e7\u0131k r\u0131zas\u0131yla ilan\u0131n\u0131z\u0131 veya g\u00f6nderiminizi yapt\u0131\u011f\u0131n\u0131z\u0131;\u00a0ve (ii) on \u00fc\u00e7 ya\u015f\u0131nda veya daha b\u00fcy\u00fck oldu\u011funuzu.\u00a0Ayr\u0131ca, herhangi bir materyali g\u00f6nderdi\u011finizde, e-postayla g\u00f6nderdi\u011finizde, k\u0131sa mesaj g\u00f6nderdi\u011finizde veya teslim etti\u011finizde veya yay\u0131nlad\u0131\u011f\u0131n\u0131zda, bize ve bizim taraf\u0131m\u0131zdan yetkilendirilen herhangi bir ki\u015fiye, telif \u00fccretsiz, kal\u0131c\u0131, geri al\u0131namaz, m\u00fcnhas\u0131r olmayan, s\u0131n\u0131rs\u0131z, d\u00fcnya \u00e7ap\u0131nda kullan\u0131m, kopyalama, bu t\u00fcr materyalleri tamamen veya k\u0131smen, herhangi bir \u015fekilde veya ortamda de\u011fi\u015ftirmek, iletmek, satmak, kullanmak, bunlardan t\u00fcrev \u00e7al\u0131\u015fmalar olu\u015fturmak, da\u011f\u0131tmak ve\/veya kamuya a\u00e7\u0131k olarak ger\u00e7ekle\u015ftirmek veya sergilemek,\u00a0\u015fimdi bilinen veya bundan sonra geli\u015ftirilen, herhangi bir ama\u00e7 i\u00e7in.\u00a0Yukar\u0131daki hibe, ilgili herhangi bir yarg\u0131 yetkisi alt\u0131ndaki telif hakk\u0131, ticari marka, hizmet markas\u0131 veya patent yasalar\u0131 dahil ancak bunlarla s\u0131n\u0131rl\u0131 olmamak \u00fczere, bu t\u00fcr g\u00f6nderi veya g\u00f6nderimdeki her t\u00fcrl\u00fc m\u00fclkiyet hakk\u0131n\u0131 kullanma hakk\u0131n\u0131 i\u00e7erecektir.\u00a0Ayr\u0131ca, bu haklar\u0131n kullan\u0131lmas\u0131yla ba\u011flant\u0131l\u0131 olarak, bize ve bizim taraf\u0131m\u0131zdan yetkilendirilen herkese, uygun g\u00f6rd\u00fc\u011f\u00fcm\u00fcz \u015fekilde, herhangi bir g\u00f6nderi veya g\u00f6nderiminizin yazar\u0131 olarak sizi ad\u0131n\u0131z, e-posta adresiniz veya ekran ad\u0131n\u0131zla tan\u0131mlama hakk\u0131n\u0131 veriyorsunuz.<\/p>\n<p><strong>Ba\u011flama ve \u00c7er\u00e7evelemeyle \u0130lgili S\u0131n\u0131rlamalar<\/strong><\/p>\n<p>Ba\u011flant\u0131, sitenizin bizim taraf\u0131m\u0131zdan veya Site taraf\u0131ndan herhangi bir sponsorlu\u011funu belirtmedi\u011fi veya ima etmedi\u011fi s\u00fcrece, Siteye bir hiper metin ba\u011flant\u0131s\u0131 olu\u015fturabilirsiniz.\u00a0Ancak, \u00f6nceden yaz\u0131l\u0131 iznimiz olmadan Sitenin herhangi bir i\u00e7eri\u011fini \u00e7er\u00e7eveleyemez veya sat\u0131r i\u00e7i ba\u011flant\u0131 olu\u015fturamaz veya materyal, i\u00e7erik veya fikri m\u00fclkiyetimizi ba\u015fka bir web sitesine veya ba\u015fka bir hizmete dahil edemezsiniz.<\/p>\n<p><strong>Bilginin Do\u011frulu\u011fu<\/strong><\/p>\n<p>Sitedeki t\u00fcm bilgilerin do\u011fru olmas\u0131n\u0131 sa\u011flamaya \u00e7al\u0131\u015fsak da, t\u00fcm bilgilerin her zaman do\u011fru ve g\u00fcncel olaca\u011f\u0131n\u0131 garanti edemeyiz.\u00a0Site b\u00fcy\u00fck miktarda veri i\u00e7erir ve de\u011fi\u015fikliklerin izlenmesinde hatalar meydana gelebilir \u2013 \u00f6rne\u011fin, olaylar\u0131n tarih ve saatlerindeki de\u011fi\u015fiklikler.<\/p>\n<p>Bu nedenle, Sitenin i\u00e7eri\u011fiyle ilgili olarak herhangi bir hata veya eksiklik i\u00e7in sorumluluk kabul etmiyoruz.\u00a0Sitede herhangi bir yanl\u0131\u015f bilgi bulursan\u0131z, l\u00fctfen\u00a0\u00a0ads@yeeti.com adresinden bize bildirin,\u00a0\u00a0m\u00fcmk\u00fcn olan en k\u0131sa s\u00fcrede d\u00fczeltece\u011fiz.<\/p>\n<p>Bu Sitenin bir k\u0131sm\u0131, \u00dc\u00e7\u00fcnc\u00fc Taraflar taraf\u0131ndan Yeeti Tech&#8217;e g\u00f6nderilen materyalleri i\u00e7ermektedir.\u00a0Bu Siteye dahil edilmek \u00fczere g\u00f6nderilen materyallerin ulusal ve ilgili yabanc\u0131 yasalara uygun olmas\u0131n\u0131 sa\u011flamak bu \u00dc\u00e7\u00fcnc\u00fc Taraflar\u0131n sorumlulu\u011fundad\u0131r.<\/p>\n<p>Bu materyalin do\u011frulu\u011funu veya g\u00fcvenilirli\u011fini garanti edemeyiz ve burada materyaldeki hata, eksiklik veya yanl\u0131\u015fl\u0131ktan veya Sitede yer alan herhangi bir materyale g\u00fcvenilmesinden kaynaklanan herhangi bir yanl\u0131\u015f yorumlama, kay\u0131p, hayal k\u0131r\u0131kl\u0131\u011f\u0131, ihmal veya hasar i\u00e7in hi\u00e7bir sorumluluk kabul etmiyoruz.<\/p>\n<p>Ayr\u0131ca burada at\u0131fta bulunulan hizmetlerin sunumundaki herhangi bir ba\u015far\u0131s\u0131zl\u0131k veya iddia edilen ba\u015far\u0131s\u0131zl\u0131k veya burada at\u0131fta bulunulan herhangi bir \u015firket, \u015fah\u0131s veya firman\u0131n iflas\u0131, tasfiyesi veya ticaretinin durdurulmas\u0131 durumunda sorumluluk kabul edemeyiz.\u00a0\u0130lgili kurulu\u015fla g\u00f6r\u00fc\u015fmeniz tavsiye edilir.<\/p>\n<p>Bu Siteden bir k\u00f6pr\u00fc metni ba\u011flant\u0131s\u0131 bulunan herhangi bir Sitenin i\u00e7eri\u011fi i\u00e7in hi\u00e7bir sorumluluk kabul etmiyoruz.\u00a0Bu t\u00fcr ba\u011flant\u0131lar size kolayl\u0131k sa\u011flamak i\u00e7in &#8216;oldu\u011fu gibi&#8217; sa\u011flanmaktad\u0131r.<\/p>\n<p><strong>SONU\u00c7LARA \u0130L\u0130\u015eK\u0130N GARANT\u0130 YOKTUR<\/strong><\/p>\n<p>Sorumluluk Reddi&#8217;nde daha ayr\u0131nt\u0131l\u0131 olarak belirtildi\u011fi \u00fczere, \u015eirketin bu Web Sitesinde tavsiye edilmi\u015f olsun veya olmas\u0131n herhangi bir eylemin sonu\u00e7lar\u0131 hakk\u0131nda herhangi bir garanti vermedi\u011fini kabul etmektesiniz.\u00a0\u015eirket, bu Web Sitesinin kullan\u0131c\u0131lar\u0131n\u0131n ba\u015far\u0131l\u0131 olmas\u0131na yard\u0131mc\u0131 olmay\u0131 ama\u00e7layan e\u011fitim ve bilgi kaynaklar\u0131 sa\u011flar.\u00a0Bununla birlikte, nihai ba\u015far\u0131n\u0131z\u0131n veya ba\u015far\u0131s\u0131zl\u0131\u011f\u0131n\u0131z\u0131n kendi \u00e7abalar\u0131n\u0131z\u0131n, \u00f6zel durumunuzun ve \u015eirketin kontrol\u00fc ve\/veya bilgisinin \u00f6tesindeki say\u0131s\u0131z di\u011fer durumun sonucu olaca\u011f\u0131n\u0131 kabul ediyorsunuz.<\/p>\n<p>Ayr\u0131ca, \u00f6nceki sonu\u00e7lar\u0131n benzer bir sonucu garanti etmedi\u011fini de biliyorsunuz.\u00a0Bu nedenle, bu Web Sitesinde belirtilen ilkeleri uygulayarak ba\u015fkalar\u0131 taraf\u0131ndan &#8211; \u015eirketin m\u00fc\u015fterileri veya ba\u015fka bir \u015fekilde &#8211; elde edilen sonu\u00e7lar, sizin veya ba\u015fka herhangi bir ki\u015fi veya kurulu\u015fun benzer sonu\u00e7lar elde edebilece\u011finizi garanti etmez.<\/p>\n<p><strong>Sorumlulu\u011fun S\u0131n\u0131rland\u0131r\u0131lmas\u0131<\/strong><\/p>\n<p>B\u0130Z\u0130M, BA\u011eLI ORTAKIMIZ VE ANA \u015e\u0130RKETLER\u0130M\u0130Z VEYA BA\u011eLI \u015e\u0130RKETLER\u0130M\u0130Z, KULLANIMIN SONUCUNDAK\u0130 DO\u011eRUDAN, DOLAYLI, ARIZ\u0130, \u00d6ZEL VEYA N\u0130HA\u0130 HASARLARDAN, \u0130HMALLER DAH\u0130L ANCAK BUNLARLA SINIRLI OLMAMAK \u00dcZERE H\u0130\u00c7B\u0130R KO\u015eULDA SORUMLU OLMAYACAKTIR. S\u0130TE, MESAJLARIMIZ, BLOGLARIMIZ, BA\u015eKALARININ YORUMLARI, K\u0130TAPLAR, E-POSTALAR, \u00dcR\u00dcNLER VEYA H\u0130ZMETLER VEYA S\u0130TE \u00dcZER\u0130NDEN VEYA HERHANG\u0130 B\u0130R \u015eEK\u0130LDE B\u0130Z\u0130M TARAFINDAN SUNULDU\u011eU \u00dc\u00c7\u00dcNC\u00dc \u015eAHIS MATERYALLER, \u00dcR\u00dcNLER VEYA H\u0130ZMETLER DAH\u0130L, BU T\u00dcR ZARARLARIN OLASILI\u011eINDAN \u00d6NCE.\u00a0(BAZI DEVLETLER, BEL\u0130RL\u0130 ZARAR KATEGOR\u0130LER\u0130N\u0130N HAR\u0130\u00c7 TUTULMASINA VEYA SINIRLANDIRILMASINA \u0130Z\u0130N VERMED\u0130\u011e\u0130NDEN, YUKARIDAK\u0130 SINIRLAMA S\u0130Z\u0130N \u0130\u00c7\u0130N GE\u00c7ERL\u0130 OLMAYAB\u0130L\u0130R. B\u00d6YLE DEVLETLERDE, BA\u011eLI ORTAKLI\u011eIMIZIN VE ANA ORTAK \u015e\u0130RKETLERE KAR\u015eI Y\u00dcK\u00dcML\u00dcL\u00dcKLER\u0130M\u0130Z\u0130N SORUMLULU\u011eU B\u00d6YLE DEVLET YASALARINA G\u00d6RE.\u00a0) HERHANG\u0130 B\u0130R KULLANICININ HATIRLATICI, SALDIRICI VEYA YASAL DAVRANI\u015eLARINDAN SORUMLU OLMADI\u011eIMIZI \u00d6ZELL\u0130KLE KABUL EDER VE KABUL EDERS\u0130N\u0130Z.\u00a0S\u0130TEDEN, S\u0130TEDEK\u0130 HERHANG\u0130 B\u0130R MATERYAL, \u00dcR\u00dcN YA DA H\u0130ZMETLERDEN VEYA S\u0130TE&#8217;N\u0130N H\u00dcK\u00dcM VE KO\u015eULLARINDAN HERHANG\u0130 B\u0130R\u0130YLE MEMNUN DE\u011e\u0130LSEN\u0130Z, TEK VE YETERL\u0130 \u00c7\u00d6Z\u00dcM\u00dcN\u00dcZ S\u0130TE VE \u00dcR\u00dcNLER, H\u0130ZMETLER VE\/VEYA KULLANIMI DURDURMAKTIR.<\/p>\n<p><strong>Sonland\u0131rma ve Eri\u015fim K\u0131s\u0131tlamas\u0131<\/strong><\/p>\n<p>\u015eirket, tamamen kendi takdirine ba\u011fl\u0131 olarak, Web Sitesine ve ilgili hizmetlere veya bunlar\u0131n herhangi bir k\u0131sm\u0131na eri\u015fiminizi herhangi bir zamanda bildirimde bulunmaks\u0131z\u0131n sonland\u0131rma hakk\u0131n\u0131 sakl\u0131 tutar.\u00a0Yasalar\u0131n izin verdi\u011fi azami \u00f6l\u00e7\u00fcde ve bu Web Sitesi veya Kullan\u0131m Ko\u015fullar\u0131ndan do\u011fan veya bunlarla ilgili t\u00fcm ihtilaflar\u0131n yukar\u0131daki Tahkim Maddesi uyar\u0131nca \u00e7\u00f6z\u00fclmesine i\u015fbu belgeyle muvafakat etmektesiniz.\u00a0Web Sitesinin kullan\u0131m\u0131, bu b\u00f6l\u00fcm dahil, ancak bunlarla s\u0131n\u0131rl\u0131 olmamak \u00fczere, bu Ko\u015fullar\u0131n t\u00fcm h\u00fck\u00fcmlerini y\u00fcr\u00fcrl\u00fc\u011fe koymayan herhangi bir yarg\u0131 alan\u0131nda izinsizdir.<\/p>\n<p><strong>DMCA Bildirimleri<\/strong><\/p>\n<p>Site, t\u00fcm i\u00e7eri\u011fi olu\u015fturur ve ayr\u0131ca Creative Commons arac\u0131l\u0131\u011f\u0131yla g\u00f6rselleri arar veya g\u00f6rsel lisanslar\u0131 sat\u0131n al\u0131r veya \u00e7al\u0131\u015fmalar\u0131n\u0131 kullanmak i\u00e7in sanat\u00e7\u0131dan izin al\u0131r.\u00a0Ba\u015fkalar\u0131n\u0131n i\u015flerinde haklar\u0131na en derin sayg\u0131m var.<\/p>\n<p>Telif hakk\u0131 haklar\u0131n\u0131z\u0131n ihlal edildi\u011fini d\u00fc\u015f\u00fcn\u00fcyorsan\u0131z, l\u00fctfen bize bir DMCA yay\u0131ndan kald\u0131rma bildirimi g\u00f6nderin, memnuniyetle kald\u0131ral\u0131m.\u00a0Bildirimi\u00a0\u00a0ads@yeeti.com adresine\u00a0\u00a0veya Yeeti Tech International Plaza #22-02<br \/>\nSingapore 079903 adresine g\u00f6nderebilirsiniz .<\/p>\n<p><strong>Ge\u00e7erli Kanun<\/strong><\/p>\n<p>Bu Ko\u015fullar, kanun ihtilaflar\u0131na ili\u015fkin kurallar\u0131na at\u0131fta bulunmaks\u0131z\u0131n, Singapur kanunlar\u0131na uygun olarak yorumlanacak ve bu kanunlara tabi olacakt\u0131r.\u00a0\u0130\u015fbu belge ile m\u00fcnhas\u0131r yarg\u0131 yetkisine geri d\u00f6n\u00fclemez bir \u015fekilde r\u0131za g\u00f6stermektesiniz.<\/p>\n","protected":false},"excerpt":{"rendered":"<p>Y\u00fcr\u00fcrl\u00fck: 22 \u015eUBAT 2022 Fikri M\u00fclkiyet Haklar\u0131 Aksi belirtilmedik\u00e7e, bu sitedeki t\u00fcm yaz\u0131l\u0131 i\u00e7eri\u011fin m\u00fclkiyeti Yeeti Tech ve\/veya ba\u011fl\u0131 \u015firketlerimiz veya lisans verenlerimize aittir ve telif hakk\u0131, ticari marka ve&hellip;<\/p>\n","protected":false},"author":1,"featured_media":0,"parent":0,"menu_order":0,"comment_status":"closed","ping_status":"closed","template":"","meta":{"footnotes":""},"class_list":["post-24","page","type-page","status-publish"],"_links":{"self":[{"href":"https:\/\/homerology.com\/tr\/wp-json\/wp\/v2\/pages\/24","targetHints":{"allow":["GET"]}}],"collection":[{"href":"https:\/\/homerology.com\/tr\/wp-json\/wp\/v2\/pages"}],"about":[{"href":"https:\/\/homerology.com\/tr\/wp-json\/wp\/v2\/types\/page"}],"author":[{"embeddable":true,"href":"https:\/\/homerology.com\/tr\/wp-json\/wp\/v2\/users\/1"}],"replies":[{"embeddable":true,"href":"https:\/\/homerology.com\/tr\/wp-json\/wp\/v2\/comments?post=24"}],"version-history":[{"count":3,"href":"https:\/\/homerology.com\/tr\/wp-json\/wp\/v2\/pages\/24\/revisions"}],"predecessor-version":[{"id":306,"href":"https:\/\/homerology.com\/tr\/wp-json\/wp\/v2\/pages\/24\/revisions\/306"}],"wp:attachment":[{"href":"https:\/\/homerology.com\/tr\/wp-json\/wp\/v2\/media?parent=24"}],"curies":[{"name":"wp","href":"https:\/\/api.w.org\/{rel}","templated":true}]}}