{"id":309,"date":"2022-02-24T17:59:33","date_gmt":"2022-02-24T17:59:33","guid":{"rendered":"https:\/\/homerology.com\/tr\/?page_id=309"},"modified":"2022-02-24T17:59:57","modified_gmt":"2022-02-24T17:59:57","slug":"website-usage-policy","status":"publish","type":"page","link":"https:\/\/homerology.com\/tr\/website-usage-policy\/","title":{"rendered":"Web sitesi kullan\u0131m politikas\u0131"},"content":{"rendered":"<p><strong>Y\u00fcr\u00fcrl\u00fck:<\/strong>\u00a0\u00a022 \u015eUBAT 2022<\/p>\n<p><strong>BU SAYFA,\u00a0<u>WEB S\u0130TEM\u0130Z\u0130N KULLANIM POL\u0130T\u0130KASININ<\/u>\u00a0ana hatlar\u0131n\u0131 vermektedir .\u00a0BU S\u0130TEY\u0130 KULLANMADAN \u00d6NCE L\u00dcTFEN D\u0130KKATL\u0130CE OKUYUN.<\/strong><\/p>\n<p>&#8221;\u00a0<strong>Accumoli.com&#8221;<\/strong>\u00a0\u00a0u (bundan b\u00f6yle &#8220;Site&#8221;, &#8220;Web Sitesi&#8221; olarak an\u0131lacakt\u0131r) kullanarak, bu sayfada listelenen politikalar\u0131 kabul etmi\u015f olursunuz.\u00a0Kullan\u0131m Ko\u015fullar\u0131m\u0131z ile birlikte Gizlilik Politikam\u0131z, editoryal i\u00e7eri\u011fimizi etkileyebilecek fakt\u00f6rleri, Sitemiz arac\u0131l\u0131\u011f\u0131yla toplad\u0131\u011f\u0131m\u0131z ki\u015fisel bilgileri, bu bilgileri nas\u0131l toplad\u0131\u011f\u0131m\u0131z\u0131 ve varsa hangi taraflar\u0131n bunlara eri\u015febilece\u011fini a\u00e7\u0131klar.<\/p>\n<p>Yeeti Tech&#8217;in (&#8220;\u015eirket&#8221;, &#8220;bize&#8221;, &#8220;biz&#8221; veya &#8220;bizim&#8221;) sahibi oldu\u011fu ve i\u015fletti\u011fi Siteyi kullanarak, toplama, kullanma ve payla\u015fma ile ilgili uygulamalar\u0131m\u0131z\u0131 s\u0131n\u0131rlama veya nitelik olmaks\u0131z\u0131n a\u00e7\u0131k\u00e7a kabul etmi\u015f olursunuz. sizin taraf\u0131n\u0131zdan sa\u011flanan ki\u015fisel bilgilerin bu Politika Sayfas\u0131nda a\u00e7\u0131klanan \u015fekilde.\u00a0Bu Politika Sayfas\u0131ndaki \u015fartlar\u0131 kabul etmiyorsan\u0131z, l\u00fctfen bu Siteye eri\u015fmeyin, bu Siteye g\u00f6z atmay\u0131n veya Siteyi kullanmay\u0131n.<\/p>\n<p>Bilgi sahibi olmak i\u00e7in Siteyi her kulland\u0131\u011f\u0131n\u0131zda veya Siteye her eri\u015fti\u011finizde bu sayfay\u0131 incelemenizi \u00f6neririz.<\/p>\n<p><strong>\u0130LET\u0130\u015e\u0130M B\u0130LG\u0130LER\u0130<\/strong><br \/>\nT\u00fczel ki\u015fili\u011fin tam ad\u0131: Yeeti Tech Private Limited Company<\/p>\n<p>Yeeti Tech<br \/>\nUluslararas\u0131 Plaza #22-02<br \/>\nSingapur 079903<\/p>\n<p>E-posta adresi:\u00a0\u00a0ads@yeeti.com<\/p>\n","protected":false},"excerpt":{"rendered":"<p>Y\u00fcr\u00fcrl\u00fck:\u00a0\u00a022 \u015eUBAT 2022 BU SAYFA,\u00a0WEB S\u0130TEM\u0130Z\u0130N KULLANIM POL\u0130T\u0130KASININ\u00a0ana hatlar\u0131n\u0131 vermektedir .\u00a0BU S\u0130TEY\u0130 KULLANMADAN \u00d6NCE L\u00dcTFEN D\u0130KKATL\u0130CE OKUYUN. &#8221;\u00a0Accumoli.com&#8221;\u00a0\u00a0u (bundan b\u00f6yle &#8220;Site&#8221;, &#8220;Web Sitesi&#8221; olarak an\u0131lacakt\u0131r) kullanarak, bu sayfada listelenen politikalar\u0131&hellip;<\/p>\n","protected":false},"author":1,"featured_media":0,"parent":0,"menu_order":0,"comment_status":"closed","ping_status":"closed","template":"","meta":{"footnotes":""},"class_list":["post-309","page","type-page","status-publish"],"_links":{"self":[{"href":"https:\/\/homerology.com\/tr\/wp-json\/wp\/v2\/pages\/309","targetHints":{"allow":["GET"]}}],"collection":[{"href":"https:\/\/homerology.com\/tr\/wp-json\/wp\/v2\/pages"}],"about":[{"href":"https:\/\/homerology.com\/tr\/wp-json\/wp\/v2\/types\/page"}],"author":[{"embeddable":true,"href":"https:\/\/homerology.com\/tr\/wp-json\/wp\/v2\/users\/1"}],"replies":[{"embeddable":true,"href":"https:\/\/homerology.com\/tr\/wp-json\/wp\/v2\/comments?post=309"}],"version-history":[{"count":2,"href":"https:\/\/homerology.com\/tr\/wp-json\/wp\/v2\/pages\/309\/revisions"}],"predecessor-version":[{"id":311,"href":"https:\/\/homerology.com\/tr\/wp-json\/wp\/v2\/pages\/309\/revisions\/311"}],"wp:attachment":[{"href":"https:\/\/homerology.com\/tr\/wp-json\/wp\/v2\/media?parent=309"}],"curies":[{"name":"wp","href":"https:\/\/api.w.org\/{rel}","templated":true}]}}